{"id":1565,"date":"2023-05-10T02:23:06","date_gmt":"2023-05-10T02:23:06","guid":{"rendered":"https:\/\/osvaldomudanca.com.br\/wp\/?page_id=1565"},"modified":"1999-01-01T00:00:00","modified_gmt":"2023-05-10T02:23:06","slug":"sobre-nos","status":"publish","type":"page","link":"https:\/\/evoluirfisioterapia.com.br\/fisioterapia-em-brasilia\/sobre-nos\/","title":{"rendered":"Sobre n\u00f3s"},"content":{"rendered":"<div id=\"pl-1565\"  class=\"panel-layout\" ><div id=\"pg-1565-0\"  class=\"panel-grid panel-no-style\" ><div id=\"pgc-1565-0-0\"  class=\"panel-grid-cell\" ><div id=\"panel-1565-0-0-0\" class=\"widget_text so-panel widget widget_custom_html panel-first-child panel-last-child\" data-index=\"0\" ><div class=\"textwidget custom-html-widget\"><\/div><\/div><\/div><\/div><div id=\"pg-1565-1\"  class=\"panel-grid panel-no-style\" ><div id=\"pgc-1565-1-0\"  class=\"panel-grid-cell\" ><div id=\"panel-1565-1-0-0\" class=\"so-panel widget widget_sow-editor panel-first-child panel-last-child\" data-index=\"1\" ><div\n\t\t\t\n\t\t\tclass=\"so-widget-sow-editor so-widget-sow-editor-base\"\n\t\t\t\n\t\t>\n<div class=\"siteorigin-widget-tinymce textwidget\">\n\t<div class=\"fusion-text fusion-text-2\">\n<p>A Evoluir\u00a0 lhe proporciona um servi\u00e7o onde cada paciente \u00e9 tratado de acordo com a sua dor. Ap\u00f3s uma avalia\u00e7\u00e3o detalhada, por uma equipe especializada, o paciente \u00e9 submetido ao tratamento de sua doen\u00e7a com os m\u00e9todos mais eficazes baseados em evidencias cientificas.<\/p>\n<p>A Evoluir\u00a0 reabilita o paciente para que o mesmo volte a realizar suas atividades, sem dores e inc\u00f4modos com um melhor desempenho, sejam elas atividade do dia a dia, ou atividades esportivas.<\/p>\n<p>Nossa equipe \u00e9 formada por profissionais especializados em ortopedia e traumatologia, baseando-se sempre nas evidencias atuais para tratamento, que buscam o melhor resultado em um menor per\u00edodo de tempo, ou seja, retorno imediato as atividades.<\/p>\n<\/div>\n<p>&nbsp;<\/p>\n<\/div>\n<\/div><\/div><\/div><\/div><div id=\"pg-1565-2\"  class=\"panel-grid panel-no-style\" ><div id=\"pgc-1565-2-0\"  class=\"panel-grid-cell\" ><div id=\"panel-1565-2-0-0\" class=\"so-panel widget widget_media_image panel-first-child panel-last-child\" data-index=\"2\" ><img decoding=\"async\" width=\"94\" height=\"125\" src=\"https:\/\/evoluirfisioterapia.com.br\/fisioterapia-em-brasilia\/wp-content\/uploads\/2023\/03\/missao-2.jpg\" class=\"image wp-image-1643  attachment-full size-full\" alt=\"\" style=\"max-width: 100%; height: auto;\" title=\"\"><\/div><\/div><div id=\"pgc-1565-2-1\"  class=\"panel-grid-cell\" ><div id=\"panel-1565-2-1-0\" class=\"so-panel widget widget_sow-editor panel-first-child panel-last-child\" data-index=\"3\" ><div\n\t\t\t\n\t\t\tclass=\"so-widget-sow-editor so-widget-sow-editor-base\"\n\t\t\t\n\t\t>\n<div class=\"siteorigin-widget-tinymce textwidget\">\n\t<div class=\"fusion-text fusion-text-2\">\n<p>Promover conhecimento cient\u00edfico de maneira simplificada e aplic\u00e1vel ao cotidiano de seus clientes, transformando o conhecimento em aprendizado motor, atuando n\u00e3o s\u00f3 no tratamento, mas na preven\u00e7\u00e3o de les\u00f5es e dores.<\/p>\n<\/div>\n<\/div>\n<\/div><\/div><\/div><\/div><div id=\"pg-1565-3\"  class=\"panel-grid panel-no-style\" ><div id=\"pgc-1565-3-0\"  class=\"panel-grid-cell\" ><div id=\"panel-1565-3-0-0\" class=\"so-panel widget widget_media_image panel-first-child panel-last-child\" data-index=\"4\" ><img decoding=\"async\" width=\"94\" height=\"125\" src=\"https:\/\/evoluirfisioterapia.com.br\/fisioterapia-em-brasilia\/wp-content\/uploads\/2023\/03\/visao-1.jpg\" class=\"image wp-image-1644  attachment-full size-full\" alt=\"\" style=\"max-width: 100%; height: auto;\" title=\"\"><\/div><\/div><div id=\"pgc-1565-3-1\"  class=\"panel-grid-cell\" ><div id=\"panel-1565-3-1-0\" class=\"so-panel widget widget_sow-editor panel-first-child panel-last-child\" data-index=\"5\" ><div\n\t\t\t\n\t\t\tclass=\"so-widget-sow-editor so-widget-sow-editor-base\"\n\t\t\t\n\t\t>\n<div class=\"siteorigin-widget-tinymce textwidget\">\n\t<div class=\"fusion-text fusion-text-2\">\n<p>Ser refer\u00eancia no tratamento de indiv\u00edduos com dor cr\u00f4nica de origem musculoesquel\u00e9tica, tendo como diferencial o tratamento voltado para o entendimento das causas das dores e les\u00f5es, baseado na an\u00e1lise do perfil morfol\u00f3gico e funcional do indiv\u00edduo.<\/p>\n<\/div>\n<p>&nbsp;<\/p>\n<\/div>\n<\/div><\/div><\/div><\/div><div id=\"pg-1565-4\"  class=\"panel-grid panel-no-style\" ><div id=\"pgc-1565-4-0\"  class=\"panel-grid-cell\" ><div id=\"panel-1565-4-0-0\" class=\"so-panel widget widget_media_image panel-first-child panel-last-child\" data-index=\"6\" ><img decoding=\"async\" width=\"94\" height=\"125\" src=\"https:\/\/evoluirfisioterapia.com.br\/fisioterapia-em-brasilia\/wp-content\/uploads\/2023\/03\/valores-1.jpg\" class=\"image wp-image-1645  attachment-full size-full\" alt=\"\" style=\"max-width: 100%; height: auto;\" title=\"\"><\/div><\/div><div id=\"pgc-1565-4-1\"  class=\"panel-grid-cell\" ><div id=\"panel-1565-4-1-0\" class=\"so-panel widget widget_sow-editor panel-first-child panel-last-child\" data-index=\"7\" ><div\n\t\t\t\n\t\t\tclass=\"so-widget-sow-editor so-widget-sow-editor-base\"\n\t\t\t\n\t\t>\n<div class=\"siteorigin-widget-tinymce textwidget\">\n\t<p>Respeito, transpar\u00eancia, integridade, autonomia, assertividade, motiva\u00e7\u00e3o, trabalho em equipe, profissionalismo e desenvolvimento cont\u00ednuo e m\u00fatuo.<\/p>\n<\/div>\n<\/div><\/div><\/div><\/div><div id=\"pg-1565-5\"  class=\"panel-grid panel-no-style\" ><div id=\"pgc-1565-5-0\"  class=\"panel-grid-cell\" ><div id=\"panel-1565-5-0-0\" class=\"so-panel widget widget_media_image panel-first-child panel-last-child\" data-index=\"8\" ><img decoding=\"async\" width=\"800\" height=\"379\" src=\"https:\/\/evoluirfisioterapia.com.br\/fisioterapia-em-brasilia\/wp-content\/uploads\/2023\/03\/WhatsApp-Image-2023-03-17-at-09.48.26-2-1024x485.jpeg\" class=\"image wp-image-1512  attachment-large size-large\" alt=\"\" style=\"max-width: 100%; height: auto;\" srcset=\"https:\/\/evoluirfisioterapia.com.br\/fisioterapia-em-brasilia\/wp-content\/uploads\/2023\/03\/WhatsApp-Image-2023-03-17-at-09.48.26-2-1024x485.jpeg 1024w, https:\/\/evoluirfisioterapia.com.br\/fisioterapia-em-brasilia\/wp-content\/uploads\/2023\/03\/WhatsApp-Image-2023-03-17-at-09.48.26-2-300x142.jpeg 300w, https:\/\/evoluirfisioterapia.com.br\/fisioterapia-em-brasilia\/wp-content\/uploads\/2023\/03\/WhatsApp-Image-2023-03-17-at-09.48.26-2-768x364.jpeg 768w, https:\/\/evoluirfisioterapia.com.br\/fisioterapia-em-brasilia\/wp-content\/uploads\/2023\/03\/WhatsApp-Image-2023-03-17-at-09.48.26-2-1536x728.jpeg 1536w, https:\/\/evoluirfisioterapia.com.br\/fisioterapia-em-brasilia\/wp-content\/uploads\/2023\/03\/WhatsApp-Image-2023-03-17-at-09.48.26-2-2048x970.jpeg 2048w\" sizes=\"(max-width: 800px) 100vw, 800px\" title=\"\"><\/div><\/div><\/div><div id=\"pg-1565-6\"  class=\"panel-grid panel-no-style\" ><div id=\"pgc-1565-6-0\"  class=\"panel-grid-cell\" ><div id=\"panel-1565-6-0-0\" class=\"widget_text so-panel widget widget_custom_html panel-first-child\" data-index=\"9\" ><div class=\"textwidget custom-html-widget\"><\/div><\/div><div id=\"panel-1565-6-0-1\" class=\"widget_text so-panel widget widget_custom_html panel-last-child\" data-index=\"10\" ><div class=\"textwidget custom-html-widget\"><\/div><\/div><\/div><\/div><\/div>","protected":false},"excerpt":{"rendered":"<p>A Evoluir\u00a0 lhe proporciona um servi\u00e7o onde cada paciente \u00e9 tratado de acordo com a sua dor. Ap\u00f3s uma avalia\u00e7\u00e3o detalhada, por uma equipe especializada, o paciente \u00e9 submetido ao &#8230;<\/p>\n","protected":false},"author":1,"featured_media":0,"parent":0,"menu_order":0,"comment_status":"closed","ping_status":"closed","template":"","meta":{"_joinchat":[],"footnotes":""},"categories":[],"tags":[],"class_list":["post-1565","page","type-page","status-publish","hentry"],"_links":{"self":[{"href":"https:\/\/evoluirfisioterapia.com.br\/fisioterapia-em-brasilia\/wp-json\/wp\/v2\/pages\/1565","targetHints":{"allow":["GET"]}}],"collection":[{"href":"https:\/\/evoluirfisioterapia.com.br\/fisioterapia-em-brasilia\/wp-json\/wp\/v2\/pages"}],"about":[{"href":"https:\/\/evoluirfisioterapia.com.br\/fisioterapia-em-brasilia\/wp-json\/wp\/v2\/types\/page"}],"author":[{"embeddable":true,"href":"https:\/\/evoluirfisioterapia.com.br\/fisioterapia-em-brasilia\/wp-json\/wp\/v2\/users\/1"}],"replies":[{"embeddable":true,"href":"https:\/\/evoluirfisioterapia.com.br\/fisioterapia-em-brasilia\/wp-json\/wp\/v2\/comments?post=1565"}],"version-history":[{"count":0,"href":"https:\/\/evoluirfisioterapia.com.br\/fisioterapia-em-brasilia\/wp-json\/wp\/v2\/pages\/1565\/revisions"}],"wp:attachment":[{"href":"https:\/\/evoluirfisioterapia.com.br\/fisioterapia-em-brasilia\/wp-json\/wp\/v2\/media?parent=1565"}],"wp:term":[{"taxonomy":"category","embeddable":true,"href":"https:\/\/evoluirfisioterapia.com.br\/fisioterapia-em-brasilia\/wp-json\/wp\/v2\/categories?post=1565"},{"taxonomy":"post_tag","embeddable":true,"href":"https:\/\/evoluirfisioterapia.com.br\/fisioterapia-em-brasilia\/wp-json\/wp\/v2\/tags?post=1565"}],"curies":[{"name":"wp","href":"https:\/\/api.w.org\/{rel}","templated":true}]}}