{"id":1569,"date":"2023-05-10T02:23:06","date_gmt":"2023-05-10T02:23:06","guid":{"rendered":"https:\/\/osvaldomudanca.com.br\/wp\/?page_id=1569"},"modified":"2023-12-11T23:31:47","modified_gmt":"2023-12-11T23:31:47","slug":"contato","status":"publish","type":"page","link":"https:\/\/evoluirfisioterapia.com.br\/fisioterapia-em-brasilia\/contato\/","title":{"rendered":"Contato"},"content":{"rendered":"<div id=\"pl-1569\"  class=\"panel-layout\" ><div id=\"pg-1569-0\"  class=\"panel-grid panel-no-style\" ><div id=\"pgc-1569-0-0\"  class=\"panel-grid-cell panel-grid-cell-empty\" ><\/div><\/div><div id=\"pg-1569-1\"  class=\"panel-grid panel-no-style\" ><div id=\"pgc-1569-1-0\"  class=\"panel-grid-cell\" ><div id=\"panel-1569-1-0-0\" class=\"so-panel widget widget_sow-editor panel-first-child panel-last-child\" data-index=\"0\" ><div\n\t\t\t\n\t\t\tclass=\"so-widget-sow-editor so-widget-sow-editor-base\"\n\t\t\t\n\t\t>\n<div class=\"siteorigin-widget-tinymce textwidget\">\n\t<p><strong>Hor\u00e1rio de Atendimento:<\/strong><\/p>\n<p>Segunda \u00e0 Sexta das 08:00 \u00e1s 17:00 hs<\/p>\n<p><strong>Telefone:<\/strong><\/p>\n<p>(61) 98627-5220 | (61) 99936-2312 |(61) 8678-3951<\/p>\n<\/div>\n<\/div><\/div><\/div><\/div><div id=\"pg-1569-2\"  class=\"panel-grid panel-no-style\" ><div id=\"pgc-1569-2-0\"  class=\"panel-grid-cell\" ><div id=\"panel-1569-2-0-0\" class=\"widget_text so-panel widget widget_custom_html panel-first-child panel-last-child\" data-index=\"1\" ><div class=\"textwidget custom-html-widget\">\n<div class=\"wpcf7 no-js\" id=\"wpcf7-f8-o1\" lang=\"en-US\" dir=\"ltr\">\n<div class=\"screen-reader-response\"><p role=\"status\" aria-live=\"polite\" aria-atomic=\"true\"><\/p> <ul><\/ul><\/div>\n<form action=\"\/fisioterapia-em-brasilia\/wp-json\/wp\/v2\/pages\/1569#wpcf7-f8-o1\" method=\"post\" class=\"wpcf7-form init\" aria-label=\"Contact form\" novalidate=\"novalidate\" data-status=\"init\">\n<div style=\"display: none;\">\n<input type=\"hidden\" name=\"_wpcf7\" value=\"8\" \/>\n<input type=\"hidden\" name=\"_wpcf7_version\" value=\"5.7.6\" \/>\n<input type=\"hidden\" name=\"_wpcf7_locale\" value=\"en_US\" \/>\n<input type=\"hidden\" name=\"_wpcf7_unit_tag\" value=\"wpcf7-f8-o1\" \/>\n<input type=\"hidden\" name=\"_wpcf7_container_post\" value=\"0\" \/>\n<input type=\"hidden\" name=\"_wpcf7_posted_data_hash\" value=\"\" \/>\n<\/div>\n<p><label> Nome<br \/>\n<span class=\"wpcf7-form-control-wrap\" data-name=\"your-name\"><input size=\"40\" class=\"wpcf7-form-control wpcf7-text wpcf7-validates-as-required\" aria-required=\"true\" aria-invalid=\"false\" value=\"\" type=\"text\" name=\"your-name\" \/><\/span> <\/label>\n<\/p>\n<p><label> E-mail<br \/>\n<span class=\"wpcf7-form-control-wrap\" data-name=\"your-email\"><input size=\"40\" class=\"wpcf7-form-control wpcf7-text wpcf7-email wpcf7-validates-as-required wpcf7-validates-as-email\" aria-required=\"true\" aria-invalid=\"false\" value=\"\" type=\"email\" name=\"your-email\" \/><\/span> <\/label>\n<\/p>\n<p><label> Assunto<br \/>\n<span class=\"wpcf7-form-control-wrap\" data-name=\"your-subject\"><input size=\"40\" class=\"wpcf7-form-control wpcf7-text wpcf7-validates-as-required\" aria-required=\"true\" aria-invalid=\"false\" value=\"\" type=\"text\" name=\"your-subject\" \/><\/span> <\/label>\n<\/p>\n<p><label> Sua mensagem<br \/>\n<span class=\"wpcf7-form-control-wrap\" data-name=\"your-message\"><textarea cols=\"40\" rows=\"10\" class=\"wpcf7-form-control wpcf7-textarea\" aria-invalid=\"false\" name=\"your-message\"><\/textarea><\/span> <\/label>\n<\/p>\n<p><input class=\"wpcf7-form-control has-spinner wpcf7-submit\" type=\"submit\" value=\"Enviar\" \/>\n<\/p><div class=\"wpcf7-response-output\" aria-hidden=\"true\"><\/div>\n<\/form>\n<\/div>\n<\/div><\/div><\/div><\/div><div id=\"pg-1569-3\"  class=\"panel-grid panel-no-style\" ><div id=\"pgc-1569-3-0\"  class=\"panel-grid-cell panel-grid-cell-empty\" ><\/div><\/div><\/div>","protected":false},"excerpt":{"rendered":"<p>Hor\u00e1rio de Atendimento: Segunda \u00e0 Sexta das 08:00 \u00e1s 17:00 hs Telefone: (61) 98627-5220 | (61) 99936-2312 |(61) 8678-3951<\/p>\n","protected":false},"author":1,"featured_media":0,"parent":0,"menu_order":0,"comment_status":"closed","ping_status":"closed","template":"","meta":{"_joinchat":[],"footnotes":""},"class_list":["post-1569","page","type-page","status-publish","hentry"],"_links":{"self":[{"href":"https:\/\/evoluirfisioterapia.com.br\/fisioterapia-em-brasilia\/wp-json\/wp\/v2\/pages\/1569","targetHints":{"allow":["GET"]}}],"collection":[{"href":"https:\/\/evoluirfisioterapia.com.br\/fisioterapia-em-brasilia\/wp-json\/wp\/v2\/pages"}],"about":[{"href":"https:\/\/evoluirfisioterapia.com.br\/fisioterapia-em-brasilia\/wp-json\/wp\/v2\/types\/page"}],"author":[{"embeddable":true,"href":"https:\/\/evoluirfisioterapia.com.br\/fisioterapia-em-brasilia\/wp-json\/wp\/v2\/users\/1"}],"replies":[{"embeddable":true,"href":"https:\/\/evoluirfisioterapia.com.br\/fisioterapia-em-brasilia\/wp-json\/wp\/v2\/comments?post=1569"}],"version-history":[{"count":1,"href":"https:\/\/evoluirfisioterapia.com.br\/fisioterapia-em-brasilia\/wp-json\/wp\/v2\/pages\/1569\/revisions"}],"predecessor-version":[{"id":5169,"href":"https:\/\/evoluirfisioterapia.com.br\/fisioterapia-em-brasilia\/wp-json\/wp\/v2\/pages\/1569\/revisions\/5169"}],"wp:attachment":[{"href":"https:\/\/evoluirfisioterapia.com.br\/fisioterapia-em-brasilia\/wp-json\/wp\/v2\/media?parent=1569"}],"curies":[{"name":"wp","href":"https:\/\/api.w.org\/{rel}","templated":true}]}}