{"id":1654,"date":"2023-05-10T02:23:06","date_gmt":"2023-05-10T02:23:06","guid":{"rendered":"https:\/\/osvaldomudanca.com.br\/wp\/?page_id=1654"},"modified":"1999-01-01T00:00:00","modified_gmt":"2023-05-10T02:23:06","slug":"fisioterapia","status":"publish","type":"page","link":"https:\/\/evoluirfisioterapia.com.br\/fisioterapia-em-brasilia\/fisioterapia\/","title":{"rendered":"Fisioterapia"},"content":{"rendered":"<div id=\"pl-1654\"  class=\"panel-layout\" ><div id=\"pg-1654-0\"  class=\"panel-grid panel-no-style\" ><div id=\"pgc-1654-0-0\"  class=\"panel-grid-cell panel-grid-cell-mobile-last\" ><div id=\"panel-1654-0-0-0\" class=\"so-panel widget widget_sow-editor panel-first-child\" data-index=\"0\" ><div\n\t\t\t\n\t\t\tclass=\"so-widget-sow-editor so-widget-sow-editor-base\"\n\t\t\t\n\t\t>\n<div class=\"siteorigin-widget-tinymce textwidget\">\n\t<\/div>\n<\/div><\/div><div id=\"panel-1654-0-0-1\" class=\"so-panel widget widget_sow-editor panel-last-child\" data-index=\"1\" ><div\n\t\t\t\n\t\t\tclass=\"so-widget-sow-editor so-widget-sow-editor-base\"\n\t\t\t\n\t\t><h3 class=\"widget-title\">Fisioterapia<\/h3>\n<div class=\"siteorigin-widget-tinymce textwidget\">\n\t<p style=\"text-align: justify;\">A fisioterapia \u00e9 uma \u00e1rea da sa\u00fade que se dedica ao tratamento e preven\u00e7\u00e3o de doen\u00e7as e les\u00f5es por meio de t\u00e9cnicas f\u00edsicas. O objetivo da fisioterapia \u00e9 melhorar a qualidade de vida dos pacientes, ajudando-os a recuperar a mobilidade, for\u00e7a e flexibilidade.<\/p>\n<\/div>\n<\/div><\/div><\/div><div id=\"pgc-1654-0-1\"  class=\"panel-grid-cell panel-grid-cell-empty\" ><\/div><\/div><div id=\"pg-1654-1\"  class=\"panel-grid panel-no-style\" ><div id=\"pgc-1654-1-0\"  class=\"panel-grid-cell\" ><div id=\"panel-1654-1-0-0\" class=\"so-panel widget widget_media_image panel-first-child panel-last-child\" data-index=\"2\" ><img decoding=\"async\" width=\"850\" height=\"560\" src=\"https:\/\/evoluirfisioterapia.com.br\/fisioterapia-em-brasilia\/wp-content\/uploads\/2023\/03\/foto_fisioterapia.jpg\" class=\"image wp-image-1734  attachment-full size-full\" alt=\"\" style=\"max-width: 100%; height: auto;\" srcset=\"https:\/\/evoluirfisioterapia.com.br\/fisioterapia-em-brasilia\/wp-content\/uploads\/2023\/03\/foto_fisioterapia.jpg 850w, https:\/\/evoluirfisioterapia.com.br\/fisioterapia-em-brasilia\/wp-content\/uploads\/2023\/03\/foto_fisioterapia-300x198.jpg 300w, https:\/\/evoluirfisioterapia.com.br\/fisioterapia-em-brasilia\/wp-content\/uploads\/2023\/03\/foto_fisioterapia-768x506.jpg 768w\" sizes=\"(max-width: 850px) 100vw, 850px\" title=\"\"><\/div><\/div><div id=\"pgc-1654-1-1\"  class=\"panel-grid-cell panel-grid-cell-mobile-last\" ><div id=\"panel-1654-1-1-0\" class=\"so-panel widget widget_sow-editor panel-first-child panel-last-child\" data-index=\"3\" ><div\n\t\t\t\n\t\t\tclass=\"so-widget-sow-editor so-widget-sow-editor-base\"\n\t\t\t\n\t\t>\n<div class=\"siteorigin-widget-tinymce textwidget\">\n\t<p style=\"text-align: justify;\">A fisioterapia \u00e9 uma \u00e1rea da sa\u00fade que se dedica ao tratamento e preven\u00e7\u00e3o de doen\u00e7as e les\u00f5es por meio de t\u00e9cnicas f\u00edsicas. O objetivo da fisioterapia \u00e9 melhorar a qualidade de vida dos pacientes, ajudando-os a recuperar a mobilidade, for\u00e7a e flexibilidade.<\/p>\n<p style=\"text-align: justify;\">Os fisioterapeutas s\u00e3o profissionais da sa\u00fade que avaliam, diagnostica e tratam problemas f\u00edsicos, como les\u00f5es musculares e articulares, dores cr\u00f4nicas, problemas respirat\u00f3rios, neurol\u00f3gicos, entre outros.<\/p>\n<\/div>\n<\/div><\/div><\/div><div id=\"pgc-1654-1-2\"  class=\"panel-grid-cell panel-grid-cell-empty\" ><\/div><\/div><div id=\"pg-1654-2\"  class=\"panel-grid panel-no-style\" ><div id=\"pgc-1654-2-0\"  class=\"panel-grid-cell panel-grid-cell-mobile-last\" ><div id=\"panel-1654-2-0-0\" class=\"so-panel widget widget_sow-editor panel-first-child panel-last-child\" data-index=\"4\" ><div\n\t\t\t\n\t\t\tclass=\"so-widget-sow-editor so-widget-sow-editor-base\"\n\t\t\t\n\t\t>\n<div class=\"siteorigin-widget-tinymce textwidget\">\n\t<p style=\"text-align: justify;\">Eles utilizam t\u00e9cnicas como exerc\u00edcios terap\u00eauticos, massagens, eletroterapia, terapia manual, al\u00e9m de outras t\u00e9cnicas para ajudar os pacientes a recuperar a fun\u00e7\u00e3o f\u00edsica e aliviar a dor.<\/p>\n<p style=\"text-align: justify;\">A fisioterapia pode ser recomendada em diversas situa\u00e7\u00f5es, desde les\u00f5es esportivas, acidentes de trabalho ou de tr\u00e2nsito, at\u00e9 doen\u00e7as cr\u00f4nicas ou degenerativas. O tratamento pode ser feito de forma individual ou em grupo e o n\u00famero de sess\u00f5es varia de acordo com a condi\u00e7\u00e3o do paciente e as recomenda\u00e7\u00f5es do fisioterapeuta.<\/p>\n<p style=\"text-align: justify;\">A fisioterapia \u00e9 uma \u00e1rea de grande import\u00e2ncia na promo\u00e7\u00e3o da sa\u00fade e preven\u00e7\u00e3o de doen\u00e7as, ajudando os pacientes a se recuperarem de les\u00f5es e doen\u00e7as de forma segura e eficaz.<\/p>\n<\/div>\n<\/div><\/div><\/div><div id=\"pgc-1654-2-1\"  class=\"panel-grid-cell panel-grid-cell-empty\" ><\/div><\/div><div id=\"pg-1654-3\"  class=\"panel-grid panel-no-style\" ><div id=\"pgc-1654-3-0\"  class=\"panel-grid-cell panel-grid-cell-mobile-last\" ><div id=\"panel-1654-3-0-0\" class=\"so-panel widget widget_sow-editor panel-first-child panel-last-child\" data-index=\"5\" ><div\n\t\t\t\n\t\t\tclass=\"so-widget-sow-editor so-widget-sow-editor-base\"\n\t\t\t\n\t\t><h3 class=\"widget-title\">Dermatofuncional<\/h3>\n<div class=\"siteorigin-widget-tinymce textwidget\">\n\t<p style=\"text-align: justify;\">A Dermatofuncional \u00e9 uma \u00e1rea da fisioterapia que se dedica ao tratamento das altera\u00e7\u00f5es est\u00e9ticas e funcionais da pele e do tecido subcut\u00e2neo.<\/p>\n<p style=\"text-align: justify;\">Os fisioterapeutas dermatofuncionais utilizam t\u00e9cnicas e recursos terap\u00eauticos para tratar diversos problemas est\u00e9ticos, tais como celulite, flacidez, estrias, rugas, manchas e cicatrizes. Al\u00e9m disso, essa \u00e1rea da fisioterapia tamb\u00e9m pode ajudar na recupera\u00e7\u00e3o p\u00f3s-operat\u00f3ria de cirurgias pl\u00e1sticas, como abdominoplastia, lipoaspira\u00e7\u00e3o e mamoplastia.<\/p>\n<\/div>\n<\/div><\/div><\/div><div id=\"pgc-1654-3-1\"  class=\"panel-grid-cell panel-grid-cell-empty\" ><\/div><\/div><div id=\"pg-1654-4\"  class=\"panel-grid panel-no-style\" ><div id=\"pgc-1654-4-0\"  class=\"panel-grid-cell\" ><div id=\"panel-1654-4-0-0\" class=\"so-panel widget widget_media_image panel-first-child panel-last-child\" data-index=\"6\" ><img decoding=\"async\" width=\"850\" height=\"560\" src=\"https:\/\/evoluirfisioterapia.com.br\/fisioterapia-em-brasilia\/wp-content\/uploads\/2023\/03\/foto_dermatofuncional.jpg\" class=\"image wp-image-1747  attachment-full size-full\" alt=\"\" style=\"max-width: 100%; height: auto;\" srcset=\"https:\/\/evoluirfisioterapia.com.br\/fisioterapia-em-brasilia\/wp-content\/uploads\/2023\/03\/foto_dermatofuncional.jpg 850w, https:\/\/evoluirfisioterapia.com.br\/fisioterapia-em-brasilia\/wp-content\/uploads\/2023\/03\/foto_dermatofuncional-300x198.jpg 300w, https:\/\/evoluirfisioterapia.com.br\/fisioterapia-em-brasilia\/wp-content\/uploads\/2023\/03\/foto_dermatofuncional-768x506.jpg 768w\" sizes=\"(max-width: 850px) 100vw, 850px\" title=\"\"><\/div><\/div><div id=\"pgc-1654-4-1\"  class=\"panel-grid-cell panel-grid-cell-mobile-last\" ><div id=\"panel-1654-4-1-0\" class=\"so-panel widget widget_sow-editor panel-first-child panel-last-child\" data-index=\"7\" ><div\n\t\t\t\n\t\t\tclass=\"so-widget-sow-editor so-widget-sow-editor-base\"\n\t\t\t\n\t\t>\n<div class=\"siteorigin-widget-tinymce textwidget\">\n\t<p style=\"text-align: justify;\">As t\u00e9cnicas utilizadas pela fisioterapia dermatofuncional incluem massagens, drenagem linf\u00e1tica, terapia por ondas de choque, ultrassom, corrente el\u00e9trica, criolip\u00f3lise, radiofrequ\u00eancia, entre outras. Esses recursos terap\u00eauticos t\u00eam como objetivo estimular a circula\u00e7\u00e3o sangu\u00ednea, melhorar o metabolismo celular, estimular a produ\u00e7\u00e3o de col\u00e1geno e elastina, al\u00e9m de reduzir a reten\u00e7\u00e3o de l\u00edquidos e gordura.<\/p>\n<\/div>\n<\/div><\/div><\/div><div id=\"pgc-1654-4-2\"  class=\"panel-grid-cell panel-grid-cell-empty\" ><\/div><\/div><div id=\"pg-1654-5\"  class=\"panel-grid panel-no-style\" ><div id=\"pgc-1654-5-0\"  class=\"panel-grid-cell panel-grid-cell-mobile-last\" ><div id=\"panel-1654-5-0-0\" class=\"so-panel widget widget_sow-editor panel-first-child panel-last-child\" data-index=\"8\" ><div\n\t\t\t\n\t\t\tclass=\"so-widget-sow-editor so-widget-sow-editor-base\"\n\t\t\t\n\t\t>\n<div class=\"siteorigin-widget-tinymce textwidget\">\n\t<p style=\"text-align: justify;\">\u00c9 importante ressaltar que a fisioterapia dermatofuncional deve ser realizada por um fisioterapeuta especializado e com forma\u00e7\u00e3o espec\u00edfica nessa \u00e1rea, para garantir a seguran\u00e7a e a efic\u00e1cia do tratamento.<\/p>\n<\/div>\n<\/div><\/div><\/div><div id=\"pgc-1654-5-1\"  class=\"panel-grid-cell panel-grid-cell-empty\" ><\/div><\/div><div id=\"pg-1654-6\"  class=\"panel-grid panel-no-style\" ><div id=\"pgc-1654-6-0\"  class=\"panel-grid-cell panel-grid-cell-mobile-last\" ><div id=\"panel-1654-6-0-0\" class=\"so-panel widget widget_sow-editor panel-first-child panel-last-child\" data-index=\"9\" ><div\n\t\t\t\n\t\t\tclass=\"so-widget-sow-editor so-widget-sow-editor-base\"\n\t\t\t\n\t\t><h3 class=\"widget-title\">Neurol\u00f3gica<\/h3>\n<div class=\"siteorigin-widget-tinymce textwidget\">\n\t<p style=\"text-align: justify;\">A fisioterapia neurol\u00f3gica \u00e9 uma \u00e1rea da fisioterapia que se dedica ao tratamento de pacientes com disfun\u00e7\u00f5es neurol\u00f3gicas, como les\u00f5es cerebrais, derrames, esclerose m\u00faltipla, les\u00f5es medulares, paralisia cerebral, entre outras condi\u00e7\u00f5es que afetam o sistema nervoso.<\/p>\n<p style=\"text-align: justify;\">O objetivo da fisioterapia neurol\u00f3gica \u00e9 ajudar os pacientes a recuperar a funcionalidade, melhorar a mobilidade, for\u00e7a e equil\u00edbrio, al\u00e9m de reduzir a dor e outras limita\u00e7\u00f5es decorrentes da condi\u00e7\u00e3o neurol\u00f3gica.<\/p>\n<\/div>\n<\/div><\/div><\/div><div id=\"pgc-1654-6-1\"  class=\"panel-grid-cell panel-grid-cell-empty\" ><\/div><\/div><div id=\"pg-1654-7\"  class=\"panel-grid panel-no-style\" ><div id=\"pgc-1654-7-0\"  class=\"panel-grid-cell\" ><div id=\"panel-1654-7-0-0\" class=\"so-panel widget widget_media_image panel-first-child panel-last-child\" data-index=\"10\" ><img decoding=\"async\" width=\"850\" height=\"560\" src=\"https:\/\/evoluirfisioterapia.com.br\/fisioterapia-em-brasilia\/wp-content\/uploads\/2023\/03\/neurologico.jpg\" class=\"image wp-image-1758  attachment-full size-full\" alt=\"\" style=\"max-width: 100%; height: auto;\" srcset=\"https:\/\/evoluirfisioterapia.com.br\/fisioterapia-em-brasilia\/wp-content\/uploads\/2023\/03\/neurologico.jpg 850w, https:\/\/evoluirfisioterapia.com.br\/fisioterapia-em-brasilia\/wp-content\/uploads\/2023\/03\/neurologico-300x198.jpg 300w, https:\/\/evoluirfisioterapia.com.br\/fisioterapia-em-brasilia\/wp-content\/uploads\/2023\/03\/neurologico-768x506.jpg 768w\" sizes=\"(max-width: 850px) 100vw, 850px\" title=\"\"><\/div><\/div><div id=\"pgc-1654-7-1\"  class=\"panel-grid-cell panel-grid-cell-mobile-last\" ><div id=\"panel-1654-7-1-0\" class=\"so-panel widget widget_sow-editor panel-first-child panel-last-child\" data-index=\"11\" ><div\n\t\t\t\n\t\t\tclass=\"so-widget-sow-editor so-widget-sow-editor-base\"\n\t\t\t\n\t\t>\n<div class=\"siteorigin-widget-tinymce textwidget\">\n\t<p style=\"text-align: justify;\">Os fisioterapeutas neurol\u00f3gicos utilizam diversas t\u00e9cnicas e recursos terap\u00eauticos, como exerc\u00edcios de fortalecimento e flexibilidade, treino de marcha, estimula\u00e7\u00e3o el\u00e9trica, terapia manual, alongamento, entre outros. Al\u00e9m disso, podem utilizar equipamentos de tecnologia assistiva para auxiliar no tratamento, como \u00f3rteses e pr\u00f3teses, andadores e cadeiras de rodas.<\/p>\n<\/div>\n<\/div><\/div><\/div><div id=\"pgc-1654-7-2\"  class=\"panel-grid-cell panel-grid-cell-empty\" ><\/div><\/div><div id=\"pg-1654-8\"  class=\"panel-grid panel-no-style\" ><div id=\"pgc-1654-8-0\"  class=\"panel-grid-cell panel-grid-cell-mobile-last\" ><div id=\"panel-1654-8-0-0\" class=\"so-panel widget widget_sow-editor panel-first-child panel-last-child\" data-index=\"12\" ><div\n\t\t\t\n\t\t\tclass=\"so-widget-sow-editor so-widget-sow-editor-base\"\n\t\t\t\n\t\t>\n<div class=\"siteorigin-widget-tinymce textwidget\">\n\t<p style=\"text-align: justify;\">O tratamento \u00e9 personalizado para cada paciente, de acordo com sua condi\u00e7\u00e3o e limita\u00e7\u00f5es, e pode ser feito individualmente ou em grupo. A dura\u00e7\u00e3o do tratamento tamb\u00e9m pode variar de acordo com a gravidade e complexidade da condi\u00e7\u00e3o neurol\u00f3gica.<\/p>\n<\/div>\n<\/div><\/div><\/div><div id=\"pgc-1654-8-1\"  class=\"panel-grid-cell panel-grid-cell-empty\" ><\/div><\/div><div id=\"pg-1654-9\"  class=\"panel-grid panel-no-style\" ><div id=\"pgc-1654-9-0\"  class=\"panel-grid-cell panel-grid-cell-mobile-last\" ><div id=\"panel-1654-9-0-0\" class=\"so-panel widget widget_sow-editor panel-first-child panel-last-child\" data-index=\"13\" ><div\n\t\t\t\n\t\t\tclass=\"so-widget-sow-editor so-widget-sow-editor-base\"\n\t\t\t\n\t\t><h3 class=\"widget-title\">Fisioterapia traumato-ortop\u00e9dica<\/h3>\n<div class=\"siteorigin-widget-tinymce textwidget\">\n\t<p style=\"text-align: justify;\">A fisioterapia traumato-ortop\u00e9dica \u00e9 uma especialidade da fisioterapia que se dedica ao tratamento de les\u00f5es e doen\u00e7as do sistema musculoesquel\u00e9tico, tais como fraturas, entorses, les\u00f5es ligamentares, les\u00f5es musculares, artrite, artrose, entre outras.<\/p>\n<\/div>\n<\/div><\/div><\/div><div id=\"pgc-1654-9-1\"  class=\"panel-grid-cell panel-grid-cell-empty\" ><\/div><\/div><div id=\"pg-1654-10\"  class=\"panel-grid panel-no-style\" ><div id=\"pgc-1654-10-0\"  class=\"panel-grid-cell\" ><div id=\"panel-1654-10-0-0\" class=\"so-panel widget widget_media_image panel-first-child panel-last-child\" data-index=\"14\" ><img decoding=\"async\" width=\"850\" height=\"560\" src=\"https:\/\/evoluirfisioterapia.com.br\/fisioterapia-em-brasilia\/wp-content\/uploads\/2023\/03\/traumato-ortopedia.jpg\" class=\"image wp-image-1765  attachment-full size-full\" alt=\"\" style=\"max-width: 100%; height: auto;\" srcset=\"https:\/\/evoluirfisioterapia.com.br\/fisioterapia-em-brasilia\/wp-content\/uploads\/2023\/03\/traumato-ortopedia.jpg 850w, https:\/\/evoluirfisioterapia.com.br\/fisioterapia-em-brasilia\/wp-content\/uploads\/2023\/03\/traumato-ortopedia-300x198.jpg 300w, https:\/\/evoluirfisioterapia.com.br\/fisioterapia-em-brasilia\/wp-content\/uploads\/2023\/03\/traumato-ortopedia-768x506.jpg 768w\" sizes=\"(max-width: 850px) 100vw, 850px\" title=\"\"><\/div><\/div><div id=\"pgc-1654-10-1\"  class=\"panel-grid-cell panel-grid-cell-mobile-last\" ><div id=\"panel-1654-10-1-0\" class=\"so-panel widget widget_sow-editor panel-first-child panel-last-child\" data-index=\"15\" ><div\n\t\t\t\n\t\t\tclass=\"so-widget-sow-editor so-widget-sow-editor-base\"\n\t\t\t\n\t\t>\n<div class=\"siteorigin-widget-tinymce textwidget\">\n\t<p style=\"text-align: justify;\">O objetivo da fisioterapia traumato-ortop\u00e9dica \u00e9 ajudar os pacientes a recuperar a mobilidade, a for\u00e7a e a fun\u00e7\u00e3o f\u00edsica, al\u00e9m de aliviar a dor e prevenir futuras les\u00f5es. Para isso, os fisioterapeutas utilizam diversas t\u00e9cnicas e recursos terap\u00eauticos, como exerc\u00edcios terap\u00eauticos, terapia manual, crioterapia, termoterapia, eletroterapia, entre outros.<\/p>\n<\/div>\n<\/div><\/div><\/div><div id=\"pgc-1654-10-2\"  class=\"panel-grid-cell panel-grid-cell-empty\" ><\/div><\/div><div id=\"pg-1654-11\"  class=\"panel-grid panel-no-style\" ><div id=\"pgc-1654-11-0\"  class=\"panel-grid-cell panel-grid-cell-mobile-last\" ><div id=\"panel-1654-11-0-0\" class=\"so-panel widget widget_sow-editor panel-first-child panel-last-child\" data-index=\"16\" ><div\n\t\t\t\n\t\t\tclass=\"so-widget-sow-editor so-widget-sow-editor-base\"\n\t\t\t\n\t\t>\n<div class=\"siteorigin-widget-tinymce textwidget\">\n\t<p style=\"text-align: justify;\">O tratamento fisioterap\u00eautico \u00e9 realizado de forma individualizada, levando em considera\u00e7\u00e3o as caracter\u00edsticas e necessidades espec\u00edficas de cada paciente, bem como a fase da les\u00e3o ou doen\u00e7a. O objetivo \u00e9 promover a recupera\u00e7\u00e3o funcional e a melhora da qualidade de vida do paciente.<\/p>\n<p style=\"text-align: justify;\">A fisioterapia traumato-ortop\u00e9dica \u00e9 uma especialidade muito importante na recupera\u00e7\u00e3o de les\u00f5es e doen\u00e7as do sistema musculoesquel\u00e9tico, ajudando os pacientes a se recuperarem de forma segura e eficaz.<\/p>\n<\/div>\n<\/div><\/div><\/div><div id=\"pgc-1654-11-1\"  class=\"panel-grid-cell panel-grid-cell-empty\" ><\/div><\/div><div id=\"pg-1654-12\"  class=\"panel-grid panel-no-style\" ><div id=\"pgc-1654-12-0\"  class=\"panel-grid-cell panel-grid-cell-mobile-last\" ><div id=\"panel-1654-12-0-0\" class=\"so-panel widget widget_sow-editor panel-first-child panel-last-child\" data-index=\"17\" ><div\n\t\t\t\n\t\t\tclass=\"so-widget-sow-editor so-widget-sow-editor-base\"\n\t\t\t\n\t\t><h3 class=\"widget-title\">Reabilita\u00e7\u00e3o P\u00f3s Covid <\/h3>\n<div class=\"siteorigin-widget-tinymce textwidget\">\n\t<p style=\"text-align: justify;\">A\u00a0<strong>Cl\u00ednica Evoluir<\/strong>\u00a0separou 6 benef\u00edcios da fisioterapia p\u00f3s-Covid:<\/p>\n<\/div>\n<\/div><\/div><\/div><div id=\"pgc-1654-12-1\"  class=\"panel-grid-cell panel-grid-cell-empty\" ><\/div><\/div><div id=\"pg-1654-13\"  class=\"panel-grid panel-no-style\" ><div id=\"pgc-1654-13-0\"  class=\"panel-grid-cell\" ><div id=\"panel-1654-13-0-0\" class=\"so-panel widget widget_media_image panel-first-child panel-last-child\" data-index=\"18\" ><img decoding=\"async\" width=\"850\" height=\"560\" src=\"https:\/\/evoluirfisioterapia.com.br\/fisioterapia-em-brasilia\/wp-content\/uploads\/2023\/03\/recuperacao_covid.jpg\" class=\"image wp-image-1773  attachment-full size-full\" alt=\"\" style=\"max-width: 100%; height: auto;\" srcset=\"https:\/\/evoluirfisioterapia.com.br\/fisioterapia-em-brasilia\/wp-content\/uploads\/2023\/03\/recuperacao_covid.jpg 850w, https:\/\/evoluirfisioterapia.com.br\/fisioterapia-em-brasilia\/wp-content\/uploads\/2023\/03\/recuperacao_covid-300x198.jpg 300w, https:\/\/evoluirfisioterapia.com.br\/fisioterapia-em-brasilia\/wp-content\/uploads\/2023\/03\/recuperacao_covid-768x506.jpg 768w\" sizes=\"(max-width: 850px) 100vw, 850px\" title=\"\"><\/div><\/div><div id=\"pgc-1654-13-1\"  class=\"panel-grid-cell panel-grid-cell-mobile-last\" ><div id=\"panel-1654-13-1-0\" class=\"so-panel widget widget_sow-editor panel-first-child panel-last-child\" data-index=\"19\" ><div\n\t\t\t\n\t\t\tclass=\"so-widget-sow-editor so-widget-sow-editor-base\"\n\t\t\t\n\t\t>\n<div class=\"siteorigin-widget-tinymce textwidget\">\n\t<ul>\n<li style=\"text-align: justify;\">Recupera\u00e7\u00e3o do condicionamento cardiovascular<\/li>\n<li style=\"text-align: justify;\">Independ\u00eancia para voltar a fazer atividades de rotina;<\/li>\n<li style=\"text-align: justify;\">Retorno do paciente \u00e0s atividades sociais;<\/li>\n<li style=\"text-align: justify;\">Recupera\u00e7\u00e3o da for\u00e7a muscular;<\/li>\n<li style=\"text-align: justify;\">Recupera\u00e7\u00e3o do sistema pulmonar\/respirat\u00f3rio;<\/li>\n<li style=\"text-align: justify;\">Melhora da qualidade de vida.<\/li>\n<\/ul>\n<\/div>\n<\/div><\/div><\/div><div id=\"pgc-1654-13-2\"  class=\"panel-grid-cell panel-grid-cell-empty\" ><\/div><\/div><div id=\"pg-1654-14\"  class=\"panel-grid panel-no-style\" ><div id=\"pgc-1654-14-0\"  class=\"panel-grid-cell panel-grid-cell-mobile-last\" ><div id=\"panel-1654-14-0-0\" class=\"so-panel widget widget_sow-editor panel-first-child\" data-index=\"20\" ><div\n\t\t\t\n\t\t\tclass=\"so-widget-sow-editor so-widget-sow-editor-base\"\n\t\t\t\n\t\t>\n<div class=\"siteorigin-widget-tinymce textwidget\">\n\t<p style=\"text-align: justify;\">Antes de iniciar qualquer trabalho de fisioterapia, \u00e9 importante o profissional analisar o quadro cl\u00ednico de cada paciente para s\u00f3 depois dar sequ\u00eancia ao trabalho, seja com a fisioterapia respirat\u00f3ria ou motora, por exemplo.<\/p>\n<p style=\"text-align: justify;\">Durante as sess\u00f5es de fisioterapia, o profissional pode trabalhar com exerc\u00edcios respirat\u00f3rios, de for\u00e7a, flexibilidade, aer\u00f3bicos e utilizar aparelhos e equipamentos que v\u00e3o ajudar no tratamento dos pacientes.<\/p>\n<\/div>\n<\/div><\/div><div id=\"panel-1654-14-0-1\" class=\"so-panel widget widget_sow-editor\" data-index=\"21\" ><div\n\t\t\t\n\t\t\tclass=\"so-widget-sow-editor so-widget-sow-editor-base\"\n\t\t\t\n\t\t>\n<div class=\"siteorigin-widget-tinymce textwidget\">\n\t<\/div>\n<\/div><\/div><div id=\"panel-1654-14-0-2\" class=\"so-panel widget widget_sow-editor panel-last-child\" data-index=\"22\" ><div\n\t\t\t\n\t\t\tclass=\"so-widget-sow-editor so-widget-sow-editor-base\"\n\t\t\t\n\t\t><h3 class=\"widget-title\">Entre outras..<\/h3>\n<div class=\"siteorigin-widget-tinymce textwidget\">\n\t<\/div>\n<\/div><\/div><\/div><div id=\"pgc-1654-14-1\"  class=\"panel-grid-cell panel-grid-cell-empty\" ><\/div><\/div><div id=\"pg-1654-15\"  class=\"panel-grid panel-no-style\" ><div id=\"pgc-1654-15-0\"  class=\"panel-grid-cell panel-grid-cell-mobile-last\" ><div id=\"panel-1654-15-0-0\" class=\"so-panel widget widget_sow-editor panel-first-child\" data-index=\"23\" ><div\n\t\t\t\n\t\t\tclass=\"so-widget-sow-editor so-widget-sow-editor-base\"\n\t\t\t\n\t\t>\n<div class=\"siteorigin-widget-tinymce textwidget\">\n\t<\/div>\n<\/div><\/div><div id=\"panel-1654-15-0-1\" class=\"so-panel widget widget_sow-editor panel-last-child\" data-index=\"24\" ><div\n\t\t\t\n\t\t\tclass=\"so-widget-sow-editor so-widget-sow-editor-base\"\n\t\t\t\n\t\t>\n<div class=\"siteorigin-widget-tinymce textwidget\">\n\t<\/div>\n<\/div><\/div><\/div><div id=\"pgc-1654-15-1\"  class=\"panel-grid-cell panel-grid-cell-empty\" ><\/div><\/div><\/div>","protected":false},"excerpt":{"rendered":"<p>A fisioterapia \u00e9 uma \u00e1rea da sa\u00fade que se dedica ao tratamento e preven\u00e7\u00e3o de doen\u00e7as e les\u00f5es por meio de t\u00e9cnicas f\u00edsicas. O objetivo da fisioterapia \u00e9 melhorar a &#8230;<\/p>\n","protected":false},"author":1,"featured_media":0,"parent":0,"menu_order":0,"comment_status":"closed","ping_status":"closed","template":"","meta":{"_joinchat":[],"footnotes":""},"categories":[],"tags":[],"class_list":["post-1654","page","type-page","status-publish","hentry"],"_links":{"self":[{"href":"https:\/\/evoluirfisioterapia.com.br\/fisioterapia-em-brasilia\/wp-json\/wp\/v2\/pages\/1654","targetHints":{"allow":["GET"]}}],"collection":[{"href":"https:\/\/evoluirfisioterapia.com.br\/fisioterapia-em-brasilia\/wp-json\/wp\/v2\/pages"}],"about":[{"href":"https:\/\/evoluirfisioterapia.com.br\/fisioterapia-em-brasilia\/wp-json\/wp\/v2\/types\/page"}],"author":[{"embeddable":true,"href":"https:\/\/evoluirfisioterapia.com.br\/fisioterapia-em-brasilia\/wp-json\/wp\/v2\/users\/1"}],"replies":[{"embeddable":true,"href":"https:\/\/evoluirfisioterapia.com.br\/fisioterapia-em-brasilia\/wp-json\/wp\/v2\/comments?post=1654"}],"version-history":[{"count":0,"href":"https:\/\/evoluirfisioterapia.com.br\/fisioterapia-em-brasilia\/wp-json\/wp\/v2\/pages\/1654\/revisions"}],"wp:attachment":[{"href":"https:\/\/evoluirfisioterapia.com.br\/fisioterapia-em-brasilia\/wp-json\/wp\/v2\/media?parent=1654"}],"wp:term":[{"taxonomy":"category","embeddable":true,"href":"https:\/\/evoluirfisioterapia.com.br\/fisioterapia-em-brasilia\/wp-json\/wp\/v2\/categories?post=1654"},{"taxonomy":"post_tag","embeddable":true,"href":"https:\/\/evoluirfisioterapia.com.br\/fisioterapia-em-brasilia\/wp-json\/wp\/v2\/tags?post=1654"}],"curies":[{"name":"wp","href":"https:\/\/api.w.org\/{rel}","templated":true}]}}