{"id":1656,"date":"2023-05-10T02:23:06","date_gmt":"2023-05-10T02:23:06","guid":{"rendered":"https:\/\/osvaldomudanca.com.br\/wp\/?page_id=1656"},"modified":"1999-01-01T00:00:00","modified_gmt":"2023-05-10T02:23:06","slug":"nutricao","status":"publish","type":"page","link":"https:\/\/evoluirfisioterapia.com.br\/fisioterapia-em-brasilia\/nutricao\/","title":{"rendered":"Nutri\u00e7\u00e3o"},"content":{"rendered":"<div id=\"pl-1656\"  class=\"panel-layout\" ><div id=\"pg-1656-0\"  class=\"panel-grid panel-no-style\" ><div id=\"pgc-1656-0-0\"  class=\"panel-grid-cell panel-grid-cell-mobile-last\" ><div id=\"panel-1656-0-0-0\" class=\"so-panel widget widget_sow-editor panel-first-child\" data-index=\"0\" ><div\n\t\t\t\n\t\t\tclass=\"so-widget-sow-editor so-widget-sow-editor-base\"\n\t\t\t\n\t\t>\n<div class=\"siteorigin-widget-tinymce textwidget\">\n\t<\/div>\n<\/div><\/div><div id=\"panel-1656-0-0-1\" class=\"so-panel widget widget_sow-editor panel-last-child\" data-index=\"1\" ><div\n\t\t\t\n\t\t\tclass=\"so-widget-sow-editor so-widget-sow-editor-base\"\n\t\t\t\n\t\t><h3 class=\"widget-title\">Nutri\u00e7\u00e3o<\/h3>\n<div class=\"siteorigin-widget-tinymce textwidget\">\n\t<p style=\"text-align: justify;\">A nutri\u00e7\u00e3o \u00e9 o estudo da rela\u00e7\u00e3o entre os alimentos e o corpo humano. Ela envolve a ingest\u00e3o, digest\u00e3o, absor\u00e7\u00e3o e utiliza\u00e7\u00e3o dos nutrientes contidos nos alimentos para manter o corpo funcionando adequadamente.<\/p>\n<\/div>\n<\/div><\/div><\/div><div id=\"pgc-1656-0-1\"  class=\"panel-grid-cell panel-grid-cell-empty\" ><\/div><\/div><div id=\"pg-1656-1\"  class=\"panel-grid panel-no-style\" ><div id=\"pgc-1656-1-0\"  class=\"panel-grid-cell\" ><div id=\"panel-1656-1-0-0\" class=\"so-panel widget widget_media_image panel-first-child panel-last-child\" data-index=\"2\" ><img decoding=\"async\" width=\"850\" height=\"560\" src=\"https:\/\/evoluirfisioterapia.com.br\/fisioterapia-em-brasilia\/wp-content\/uploads\/2023\/03\/nutricao.jpg\" class=\"image wp-image-1789  attachment-full size-full\" alt=\"Clinica de Fisioterapia na Asa Norte de Bras\u00edlia\" style=\"max-width: 100%; height: auto;\" srcset=\"https:\/\/evoluirfisioterapia.com.br\/fisioterapia-em-brasilia\/wp-content\/uploads\/2023\/03\/nutricao.jpg 850w, https:\/\/evoluirfisioterapia.com.br\/fisioterapia-em-brasilia\/wp-content\/uploads\/2023\/03\/nutricao-300x198.jpg 300w, https:\/\/evoluirfisioterapia.com.br\/fisioterapia-em-brasilia\/wp-content\/uploads\/2023\/03\/nutricao-768x506.jpg 768w\" sizes=\"(max-width: 850px) 100vw, 850px\" title=\"\"><\/div><\/div><div id=\"pgc-1656-1-1\"  class=\"panel-grid-cell panel-grid-cell-mobile-last\" ><div id=\"panel-1656-1-1-0\" class=\"so-panel widget widget_sow-editor panel-first-child panel-last-child\" data-index=\"3\" ><div\n\t\t\t\n\t\t\tclass=\"so-widget-sow-editor so-widget-sow-editor-base\"\n\t\t\t\n\t\t>\n<div class=\"siteorigin-widget-tinymce textwidget\">\n\t<p style=\"text-align: justify;\">Os nutrientes s\u00e3o subst\u00e2ncias essenciais que o corpo precisa para crescer, reparar tecidos e fornecer energia. Eles s\u00e3o divididos em macronutrientes, que s\u00e3o necess\u00e1rios em grandes quantidades (como carboidratos, prote\u00ednas e gorduras), e micronutrientes, que s\u00e3o necess\u00e1rios em pequenas quantidades (como vitaminas e minerais).<\/p>\n<\/div>\n<\/div><\/div><\/div><div id=\"pgc-1656-1-2\"  class=\"panel-grid-cell panel-grid-cell-empty\" ><\/div><\/div><div id=\"pg-1656-2\"  class=\"panel-grid panel-no-style\" ><div id=\"pgc-1656-2-0\"  class=\"panel-grid-cell panel-grid-cell-mobile-last\" ><div id=\"panel-1656-2-0-0\" class=\"so-panel widget widget_sow-editor panel-first-child panel-last-child\" data-index=\"4\" ><div\n\t\t\t\n\t\t\tclass=\"so-widget-sow-editor so-widget-sow-editor-base\"\n\t\t\t\n\t\t>\n<div class=\"siteorigin-widget-tinymce textwidget\">\n\t<p style=\"text-align: justify;\">Uma alimenta\u00e7\u00e3o saud\u00e1vel deve incluir uma variedade de alimentos, como frutas, legumes, gr\u00e3os integrais, prote\u00ednas magras e gorduras saud\u00e1veis. \u00c9 importante equilibrar as calorias consumidas com as calorias queimadas atrav\u00e9s da atividade f\u00edsica para manter um peso saud\u00e1vel.<\/p>\n<p style=\"text-align: justify;\">A nutri\u00e7\u00e3o tamb\u00e9m pode ser usada como tratamento para condi\u00e7\u00f5es de sa\u00fade, como diabetes, hipertens\u00e3o e doen\u00e7as card\u00edacas. Em casos espec\u00edficos, a suplementa\u00e7\u00e3o de nutrientes pode ser necess\u00e1ria para garantir que as necessidades do corpo sejam atendidas.<\/p>\n<\/div>\n<\/div><\/div><\/div><div id=\"pgc-1656-2-1\"  class=\"panel-grid-cell panel-grid-cell-empty\" ><\/div><\/div><div id=\"pg-1656-3\"  class=\"panel-grid panel-no-style\" ><div id=\"pgc-1656-3-0\"  class=\"panel-grid-cell panel-grid-cell-mobile-last\" ><div id=\"panel-1656-3-0-0\" class=\"so-panel widget widget_sow-editor panel-first-child panel-last-child\" data-index=\"5\" ><div\n\t\t\t\n\t\t\tclass=\"so-widget-sow-editor so-widget-sow-editor-base\"\n\t\t\t\n\t\t><h3 class=\"widget-title\">Avalia\u00e7\u00e3o Nutricional com Bioimped\u00e2ncia <\/h3>\n<div class=\"siteorigin-widget-tinymce textwidget\">\n\t<p style=\"text-align: justify;\">A bioimped\u00e2ncia \u00e9 uma t\u00e9cnica utilizada para medir a composi\u00e7\u00e3o corporal de uma pessoa. Ela \u00e9 baseada na resist\u00eancia el\u00e9trica oferecida pelo corpo \u00e0 passagem de uma corrente el\u00e9trica de baixa intensidade e alta frequ\u00eancia.<\/p>\n<\/div>\n<\/div><\/div><\/div><div id=\"pgc-1656-3-1\"  class=\"panel-grid-cell panel-grid-cell-empty\" ><\/div><\/div><div id=\"pg-1656-4\"  class=\"panel-grid panel-no-style\" ><div id=\"pgc-1656-4-0\"  class=\"panel-grid-cell\" ><div id=\"panel-1656-4-0-0\" class=\"so-panel widget widget_media_image panel-first-child panel-last-child\" data-index=\"6\" ><img decoding=\"async\" width=\"850\" height=\"560\" src=\"https:\/\/evoluirfisioterapia.com.br\/fisioterapia-em-brasilia\/wp-content\/uploads\/2023\/03\/bioimpedancia.jpg\" class=\"image wp-image-1800  attachment-full size-full\" alt=\"\" style=\"max-width: 100%; height: auto;\" srcset=\"https:\/\/evoluirfisioterapia.com.br\/fisioterapia-em-brasilia\/wp-content\/uploads\/2023\/03\/bioimpedancia.jpg 850w, https:\/\/evoluirfisioterapia.com.br\/fisioterapia-em-brasilia\/wp-content\/uploads\/2023\/03\/bioimpedancia-300x198.jpg 300w, https:\/\/evoluirfisioterapia.com.br\/fisioterapia-em-brasilia\/wp-content\/uploads\/2023\/03\/bioimpedancia-768x506.jpg 768w\" sizes=\"(max-width: 850px) 100vw, 850px\" title=\"\"><\/div><\/div><div id=\"pgc-1656-4-1\"  class=\"panel-grid-cell panel-grid-cell-mobile-last\" ><div id=\"panel-1656-4-1-0\" class=\"so-panel widget widget_sow-editor panel-first-child panel-last-child\" data-index=\"7\" ><div\n\t\t\t\n\t\t\tclass=\"so-widget-sow-editor so-widget-sow-editor-base\"\n\t\t\t\n\t\t>\n<div class=\"siteorigin-widget-tinymce textwidget\">\n\t<p style=\"text-align: justify;\">Durante o teste de bioimped\u00e2ncia, eletrodos s\u00e3o colocados na pele em pontos espec\u00edficos do corpo, geralmente nas m\u00e3os e nos p\u00e9s. A corrente el\u00e9trica \u00e9 enviada atrav\u00e9s do corpo e a resist\u00eancia el\u00e9trica \u00e9 medida. Com base nessa medida, \u00e9 poss\u00edvel estimar a quantidade de massa magra (como m\u00fasculo e osso) e de massa gorda (como gordura corporal).<\/p>\n<p>&nbsp;<\/p>\n<\/div>\n<\/div><\/div><\/div><div id=\"pgc-1656-4-2\"  class=\"panel-grid-cell panel-grid-cell-empty\" ><\/div><\/div><div id=\"pg-1656-5\"  class=\"panel-grid panel-no-style\" ><div id=\"pgc-1656-5-0\"  class=\"panel-grid-cell panel-grid-cell-mobile-last\" ><div id=\"panel-1656-5-0-0\" class=\"so-panel widget widget_sow-editor panel-first-child panel-last-child\" data-index=\"8\" ><div\n\t\t\t\n\t\t\tclass=\"so-widget-sow-editor so-widget-sow-editor-base\"\n\t\t\t\n\t\t>\n<div class=\"siteorigin-widget-tinymce textwidget\">\n\t<p style=\"text-align:justify\">A bioimped&acirc;ncia &eacute; uma ferramenta &uacute;til para avaliar a sa&uacute;de e o condicionamento f&iacute;sico de uma pessoa, al&eacute;m de ser usada em programas de perda de peso. No entanto, &eacute; importante lembrar que a precis&atilde;o dos resultados pode ser afetada por v&aacute;rios fatores, como a hidrata&ccedil;&atilde;o da pessoa, a idade e o tipo de equipamento utilizado. Por isso, &eacute; importante que a avalia&ccedil;&atilde;o seja feita por um profissional capacitado e experiente.<\/p>\n<p>&nbsp;<\/p>\n<\/div>\n<\/div><\/div><\/div><div id=\"pgc-1656-5-1\"  class=\"panel-grid-cell panel-grid-cell-empty\" ><\/div><\/div><div id=\"pg-1656-6\"  class=\"panel-grid panel-no-style\" ><div id=\"pgc-1656-6-0\"  class=\"panel-grid-cell panel-grid-cell-mobile-last\" ><div id=\"panel-1656-6-0-0\" class=\"so-panel widget widget_sow-editor panel-first-child panel-last-child\" data-index=\"9\" ><div\n\t\t\t\n\t\t\tclass=\"so-widget-sow-editor so-widget-sow-editor-base\"\n\t\t\t\n\t\t><h3 class=\"widget-title\">Plano Alimentar Individualizado<\/h3>\n<div class=\"siteorigin-widget-tinymce textwidget\">\n\t<p style=\"text-align: justify;\">Um plano alimentar individualizado \u00e9 uma dieta criada especificamente para atender \u00e0s necessidades nutricionais de uma pessoa com base em seu perfil individual. Esse plano \u00e9 elaborado considerando fatores como idade, sexo, peso, altura, n\u00edvel de atividade f\u00edsica, condi\u00e7\u00f5es m\u00e9dicas e objetivos individuais, como perda de peso, ganho de massa muscular ou melhoria da sa\u00fade em geral.<\/p>\n<\/div>\n<\/div><\/div><\/div><div id=\"pgc-1656-6-1\"  class=\"panel-grid-cell panel-grid-cell-empty\" ><\/div><\/div><div id=\"pg-1656-7\"  class=\"panel-grid panel-no-style\" ><div id=\"pgc-1656-7-0\"  class=\"panel-grid-cell\" ><div id=\"panel-1656-7-0-0\" class=\"so-panel widget widget_media_image panel-first-child panel-last-child\" data-index=\"10\" ><img decoding=\"async\" width=\"850\" height=\"560\" src=\"https:\/\/evoluirfisioterapia.com.br\/fisioterapia-em-brasilia\/wp-content\/uploads\/2023\/03\/plano-alimentar.jpg\" class=\"image wp-image-1803  attachment-full size-full\" alt=\"\" style=\"max-width: 100%; height: auto;\" srcset=\"https:\/\/evoluirfisioterapia.com.br\/fisioterapia-em-brasilia\/wp-content\/uploads\/2023\/03\/plano-alimentar.jpg 850w, https:\/\/evoluirfisioterapia.com.br\/fisioterapia-em-brasilia\/wp-content\/uploads\/2023\/03\/plano-alimentar-300x198.jpg 300w, https:\/\/evoluirfisioterapia.com.br\/fisioterapia-em-brasilia\/wp-content\/uploads\/2023\/03\/plano-alimentar-768x506.jpg 768w\" sizes=\"(max-width: 850px) 100vw, 850px\" title=\"\"><\/div><\/div><div id=\"pgc-1656-7-1\"  class=\"panel-grid-cell panel-grid-cell-mobile-last\" ><div id=\"panel-1656-7-1-0\" class=\"so-panel widget widget_sow-editor panel-first-child panel-last-child\" data-index=\"11\" ><div\n\t\t\t\n\t\t\tclass=\"so-widget-sow-editor so-widget-sow-editor-base\"\n\t\t\t\n\t\t>\n<div class=\"siteorigin-widget-tinymce textwidget\">\n\t<p style=\"text-align: justify;\">O objetivo de um plano alimentar individualizado \u00e9 fornecer uma orienta\u00e7\u00e3o nutricional personalizada, que ajude a pessoa a alcan\u00e7ar seus objetivos de forma saud\u00e1vel e sustent\u00e1vel. Esse plano deve incluir uma variedade de alimentos nutritivos e equilibrados em macronutrientes (prote\u00ednas, carboidratos e gorduras) e micronutrientes (vitaminas e minerais) em quantidades adequadas para atender \u00e0s necessidades di\u00e1rias do corpo.<\/p>\n<p>&nbsp;<\/p>\n<\/div>\n<\/div><\/div><\/div><div id=\"pgc-1656-7-2\"  class=\"panel-grid-cell panel-grid-cell-empty\" ><\/div><\/div><div id=\"pg-1656-8\"  class=\"panel-grid panel-no-style\" ><div id=\"pgc-1656-8-0\"  class=\"panel-grid-cell panel-grid-cell-mobile-last\" ><div id=\"panel-1656-8-0-0\" class=\"so-panel widget widget_sow-editor panel-first-child\" data-index=\"12\" ><div\n\t\t\t\n\t\t\tclass=\"so-widget-sow-editor so-widget-sow-editor-base\"\n\t\t\t\n\t\t>\n<div class=\"siteorigin-widget-tinymce textwidget\">\n\t<p style=\"text-align: justify;\">Al\u00e9m disso, um plano alimentar individualizado deve levar em considera\u00e7\u00e3o as prefer\u00eancias alimentares, restri\u00e7\u00f5es alimentares e hor\u00e1rios dispon\u00edveis da pessoa para refei\u00e7\u00f5es.<\/p>\n<p>&nbsp;<\/p>\n<\/div>\n<\/div><\/div><div id=\"panel-1656-8-0-1\" class=\"so-panel widget widget_sow-editor panel-last-child\" data-index=\"13\" ><div\n\t\t\t\n\t\t\tclass=\"so-widget-sow-editor so-widget-sow-editor-base\"\n\t\t\t\n\t\t>\n<div class=\"siteorigin-widget-tinymce textwidget\">\n\t<\/div>\n<\/div><\/div><\/div><div id=\"pgc-1656-8-1\"  class=\"panel-grid-cell panel-grid-cell-empty\" ><\/div><\/div><\/div>","protected":false},"excerpt":{"rendered":"<p>A nutri\u00e7\u00e3o \u00e9 o estudo da rela\u00e7\u00e3o entre os alimentos e o corpo humano. Ela envolve a ingest\u00e3o, digest\u00e3o, absor\u00e7\u00e3o e utiliza\u00e7\u00e3o dos nutrientes contidos nos alimentos para manter o &#8230;<\/p>\n","protected":false},"author":1,"featured_media":0,"parent":0,"menu_order":0,"comment_status":"closed","ping_status":"closed","template":"","meta":{"_joinchat":[],"footnotes":""},"categories":[],"tags":[],"class_list":["post-1656","page","type-page","status-publish","hentry"],"_links":{"self":[{"href":"https:\/\/evoluirfisioterapia.com.br\/fisioterapia-em-brasilia\/wp-json\/wp\/v2\/pages\/1656","targetHints":{"allow":["GET"]}}],"collection":[{"href":"https:\/\/evoluirfisioterapia.com.br\/fisioterapia-em-brasilia\/wp-json\/wp\/v2\/pages"}],"about":[{"href":"https:\/\/evoluirfisioterapia.com.br\/fisioterapia-em-brasilia\/wp-json\/wp\/v2\/types\/page"}],"author":[{"embeddable":true,"href":"https:\/\/evoluirfisioterapia.com.br\/fisioterapia-em-brasilia\/wp-json\/wp\/v2\/users\/1"}],"replies":[{"embeddable":true,"href":"https:\/\/evoluirfisioterapia.com.br\/fisioterapia-em-brasilia\/wp-json\/wp\/v2\/comments?post=1656"}],"version-history":[{"count":0,"href":"https:\/\/evoluirfisioterapia.com.br\/fisioterapia-em-brasilia\/wp-json\/wp\/v2\/pages\/1656\/revisions"}],"wp:attachment":[{"href":"https:\/\/evoluirfisioterapia.com.br\/fisioterapia-em-brasilia\/wp-json\/wp\/v2\/media?parent=1656"}],"wp:term":[{"taxonomy":"category","embeddable":true,"href":"https:\/\/evoluirfisioterapia.com.br\/fisioterapia-em-brasilia\/wp-json\/wp\/v2\/categories?post=1656"},{"taxonomy":"post_tag","embeddable":true,"href":"https:\/\/evoluirfisioterapia.com.br\/fisioterapia-em-brasilia\/wp-json\/wp\/v2\/tags?post=1656"}],"curies":[{"name":"wp","href":"https:\/\/api.w.org\/{rel}","templated":true}]}}