{"id":1885,"date":"2023-05-10T02:23:06","date_gmt":"2023-05-10T02:23:06","guid":{"rendered":"https:\/\/osvaldomudanca.com.br\/wp\/?page_id=1885"},"modified":"1999-01-01T00:00:00","modified_gmt":"2023-05-10T02:23:06","slug":"fisioterapia-domiciliar","status":"publish","type":"page","link":"https:\/\/evoluirfisioterapia.com.br\/fisioterapia-em-brasilia\/fisioterapia-domiciliar\/","title":{"rendered":"Fisioterapia Domiciliar"},"content":{"rendered":"<div id=\"pl-1885\"  class=\"panel-layout\" ><div id=\"pg-1885-0\"  class=\"panel-grid panel-no-style\" ><div id=\"pgc-1885-0-0\"  class=\"panel-grid-cell\" ><div id=\"panel-1885-0-0-0\" class=\"so-panel widget widget_sow-editor panel-first-child panel-last-child\" data-index=\"0\" ><div\n\t\t\t\n\t\t\tclass=\"so-widget-sow-editor so-widget-sow-editor-base\"\n\t\t\t\n\t\t>\n<div class=\"siteorigin-widget-tinymce textwidget\">\n\t<p style=\"text-align: justify;\">A fisioterapia \u00e9 uma \u00e1rea da sa\u00fade que se dedica ao tratamento e preven\u00e7\u00e3o de doen\u00e7as e les\u00f5es por meio de t\u00e9cnicas f\u00edsicas.<\/p>\n<p>&nbsp;<br \/>\n&nbsp;<\/p>\n<\/div>\n<\/div><\/div><\/div><\/div><\/div>","protected":false},"excerpt":{"rendered":"<p>A fisioterapia \u00e9 uma \u00e1rea da sa\u00fade que se dedica ao tratamento e preven\u00e7\u00e3o de doen\u00e7as e les\u00f5es por meio de t\u00e9cnicas f\u00edsicas. &nbsp; &nbsp;<\/p>\n","protected":false},"author":1,"featured_media":0,"parent":0,"menu_order":0,"comment_status":"closed","ping_status":"closed","template":"","meta":{"_joinchat":[],"footnotes":""},"categories":[],"tags":[],"class_list":["post-1885","page","type-page","status-publish","hentry"],"_links":{"self":[{"href":"https:\/\/evoluirfisioterapia.com.br\/fisioterapia-em-brasilia\/wp-json\/wp\/v2\/pages\/1885","targetHints":{"allow":["GET"]}}],"collection":[{"href":"https:\/\/evoluirfisioterapia.com.br\/fisioterapia-em-brasilia\/wp-json\/wp\/v2\/pages"}],"about":[{"href":"https:\/\/evoluirfisioterapia.com.br\/fisioterapia-em-brasilia\/wp-json\/wp\/v2\/types\/page"}],"author":[{"embeddable":true,"href":"https:\/\/evoluirfisioterapia.com.br\/fisioterapia-em-brasilia\/wp-json\/wp\/v2\/users\/1"}],"replies":[{"embeddable":true,"href":"https:\/\/evoluirfisioterapia.com.br\/fisioterapia-em-brasilia\/wp-json\/wp\/v2\/comments?post=1885"}],"version-history":[{"count":0,"href":"https:\/\/evoluirfisioterapia.com.br\/fisioterapia-em-brasilia\/wp-json\/wp\/v2\/pages\/1885\/revisions"}],"wp:attachment":[{"href":"https:\/\/evoluirfisioterapia.com.br\/fisioterapia-em-brasilia\/wp-json\/wp\/v2\/media?parent=1885"}],"wp:term":[{"taxonomy":"category","embeddable":true,"href":"https:\/\/evoluirfisioterapia.com.br\/fisioterapia-em-brasilia\/wp-json\/wp\/v2\/categories?post=1885"},{"taxonomy":"post_tag","embeddable":true,"href":"https:\/\/evoluirfisioterapia.com.br\/fisioterapia-em-brasilia\/wp-json\/wp\/v2\/tags?post=1885"}],"curies":[{"name":"wp","href":"https:\/\/api.w.org\/{rel}","templated":true}]}}