{"id":1917,"date":"2023-05-10T02:23:06","date_gmt":"2023-05-10T02:23:06","guid":{"rendered":"https:\/\/evoluirfisioterapia.com.br\/fisioterapia-em-brasilia\/?page_id=1917"},"modified":"1999-01-01T00:00:00","modified_gmt":"2023-05-10T02:23:06","slug":"estrutura","status":"publish","type":"page","link":"https:\/\/evoluirfisioterapia.com.br\/fisioterapia-em-brasilia\/estrutura\/","title":{"rendered":"Estrutura"},"content":{"rendered":"<div id='gallery-1' class='gallery galleryid-1917 gallery-columns-2 gallery-size-medium'><figure class='gallery-item'>\n\t\t\t<div class='gallery-icon landscape'>\n\t\t\t\t<a href='https:\/\/evoluirfisioterapia.com.br\/fisioterapia-em-brasilia\/nossa-estrutura\/attachment\/whatsapp-image-2023-03-17-at-09-48-21-4\/'><img decoding=\"async\" width=\"300\" height=\"142\" src=\"https:\/\/evoluirfisioterapia.com.br\/fisioterapia-em-brasilia\/wp-content\/uploads\/2023\/03\/WhatsApp-Image-2023-03-17-at-09.48.21-3-300x142.jpeg\" class=\"attachment-medium size-medium\" alt=\"\" aria-describedby=\"gallery-1-1497\" srcset=\"https:\/\/evoluirfisioterapia.com.br\/fisioterapia-em-brasilia\/wp-content\/uploads\/2023\/03\/WhatsApp-Image-2023-03-17-at-09.48.21-3-300x142.jpeg 300w, https:\/\/evoluirfisioterapia.com.br\/fisioterapia-em-brasilia\/wp-content\/uploads\/2023\/03\/WhatsApp-Image-2023-03-17-at-09.48.21-3-1024x485.jpeg 1024w, https:\/\/evoluirfisioterapia.com.br\/fisioterapia-em-brasilia\/wp-content\/uploads\/2023\/03\/WhatsApp-Image-2023-03-17-at-09.48.21-3-768x364.jpeg 768w, https:\/\/evoluirfisioterapia.com.br\/fisioterapia-em-brasilia\/wp-content\/uploads\/2023\/03\/WhatsApp-Image-2023-03-17-at-09.48.21-3-1536x728.jpeg 1536w, https:\/\/evoluirfisioterapia.com.br\/fisioterapia-em-brasilia\/wp-content\/uploads\/2023\/03\/WhatsApp-Image-2023-03-17-at-09.48.21-3-2048x970.jpeg 2048w\" sizes=\"(max-width: 300px) 100vw, 300px\" title=\"\"><\/a>\n\t\t\t<\/div>\n\t\t\t\t<figcaption class='wp-caption-text gallery-caption' id='gallery-1-1497'>\n\t\t\t\tFisioterapia em Bras\u00edlia\n\t\t\t\t<\/figcaption><\/figure><figure class='gallery-item'>\n\t\t\t<div class='gallery-icon landscape'>\n\t\t\t\t<a href='https:\/\/evoluirfisioterapia.com.br\/fisioterapia-em-brasilia\/nossa-estrutura\/attachment\/whatsapp-image-2023-03-17-at-09-48-22\/'><img decoding=\"async\" width=\"300\" height=\"142\" src=\"https:\/\/evoluirfisioterapia.com.br\/fisioterapia-em-brasilia\/wp-content\/uploads\/2023\/03\/WhatsApp-Image-2023-03-17-at-09.48.22-300x142.jpeg\" class=\"attachment-medium size-medium\" alt=\"\" aria-describedby=\"gallery-1-1498\" srcset=\"https:\/\/evoluirfisioterapia.com.br\/fisioterapia-em-brasilia\/wp-content\/uploads\/2023\/03\/WhatsApp-Image-2023-03-17-at-09.48.22-300x142.jpeg 300w, https:\/\/evoluirfisioterapia.com.br\/fisioterapia-em-brasilia\/wp-content\/uploads\/2023\/03\/WhatsApp-Image-2023-03-17-at-09.48.22-1024x485.jpeg 1024w, https:\/\/evoluirfisioterapia.com.br\/fisioterapia-em-brasilia\/wp-content\/uploads\/2023\/03\/WhatsApp-Image-2023-03-17-at-09.48.22-768x364.jpeg 768w, https:\/\/evoluirfisioterapia.com.br\/fisioterapia-em-brasilia\/wp-content\/uploads\/2023\/03\/WhatsApp-Image-2023-03-17-at-09.48.22-1536x728.jpeg 1536w, https:\/\/evoluirfisioterapia.com.br\/fisioterapia-em-brasilia\/wp-content\/uploads\/2023\/03\/WhatsApp-Image-2023-03-17-at-09.48.22-2048x970.jpeg 2048w\" sizes=\"(max-width: 300px) 100vw, 300px\" title=\"\"><\/a>\n\t\t\t<\/div>\n\t\t\t\t<figcaption class='wp-caption-text gallery-caption' id='gallery-1-1498'>\n\t\t\t\tPilates em Bras\u00edlia\n\t\t\t\t<\/figcaption><\/figure><figure class='gallery-item'>\n\t\t\t<div class='gallery-icon landscape'>\n\t\t\t\t<a href='https:\/\/evoluirfisioterapia.com.br\/fisioterapia-em-brasilia\/nossa-estrutura\/attachment\/whatsapp-image-2023-03-17-at-09-48-23-1\/'><img decoding=\"async\" width=\"300\" height=\"142\" src=\"https:\/\/evoluirfisioterapia.com.br\/fisioterapia-em-brasilia\/wp-content\/uploads\/2023\/03\/WhatsApp-Image-2023-03-17-at-09.48.23-1-300x142.jpeg\" class=\"attachment-medium size-medium\" alt=\"\" aria-describedby=\"gallery-1-1499\" srcset=\"https:\/\/evoluirfisioterapia.com.br\/fisioterapia-em-brasilia\/wp-content\/uploads\/2023\/03\/WhatsApp-Image-2023-03-17-at-09.48.23-1-300x142.jpeg 300w, https:\/\/evoluirfisioterapia.com.br\/fisioterapia-em-brasilia\/wp-content\/uploads\/2023\/03\/WhatsApp-Image-2023-03-17-at-09.48.23-1-1024x485.jpeg 1024w, https:\/\/evoluirfisioterapia.com.br\/fisioterapia-em-brasilia\/wp-content\/uploads\/2023\/03\/WhatsApp-Image-2023-03-17-at-09.48.23-1-768x364.jpeg 768w, https:\/\/evoluirfisioterapia.com.br\/fisioterapia-em-brasilia\/wp-content\/uploads\/2023\/03\/WhatsApp-Image-2023-03-17-at-09.48.23-1-1536x728.jpeg 1536w, https:\/\/evoluirfisioterapia.com.br\/fisioterapia-em-brasilia\/wp-content\/uploads\/2023\/03\/WhatsApp-Image-2023-03-17-at-09.48.23-1-2048x970.jpeg 2048w\" sizes=\"(max-width: 300px) 100vw, 300px\" title=\"\"><\/a>\n\t\t\t<\/div>\n\t\t\t\t<figcaption class='wp-caption-text gallery-caption' id='gallery-1-1499'>\n\t\t\t\tAcuputura em Bras\u00edlia\n\t\t\t\t<\/figcaption><\/figure><figure class='gallery-item'>\n\t\t\t<div class='gallery-icon landscape'>\n\t\t\t\t<a href='https:\/\/evoluirfisioterapia.com.br\/fisioterapia-em-brasilia\/nossa-estrutura\/attachment\/whatsapp-image-2023-03-17-at-09-48-23\/'><img decoding=\"async\" width=\"300\" height=\"142\" src=\"https:\/\/evoluirfisioterapia.com.br\/fisioterapia-em-brasilia\/wp-content\/uploads\/2023\/03\/WhatsApp-Image-2023-03-17-at-09.48.23-300x142.jpeg\" class=\"attachment-medium size-medium\" alt=\"\" aria-describedby=\"gallery-1-1500\" srcset=\"https:\/\/evoluirfisioterapia.com.br\/fisioterapia-em-brasilia\/wp-content\/uploads\/2023\/03\/WhatsApp-Image-2023-03-17-at-09.48.23-300x142.jpeg 300w, https:\/\/evoluirfisioterapia.com.br\/fisioterapia-em-brasilia\/wp-content\/uploads\/2023\/03\/WhatsApp-Image-2023-03-17-at-09.48.23-1024x485.jpeg 1024w, https:\/\/evoluirfisioterapia.com.br\/fisioterapia-em-brasilia\/wp-content\/uploads\/2023\/03\/WhatsApp-Image-2023-03-17-at-09.48.23-768x364.jpeg 768w, https:\/\/evoluirfisioterapia.com.br\/fisioterapia-em-brasilia\/wp-content\/uploads\/2023\/03\/WhatsApp-Image-2023-03-17-at-09.48.23-1536x728.jpeg 1536w, https:\/\/evoluirfisioterapia.com.br\/fisioterapia-em-brasilia\/wp-content\/uploads\/2023\/03\/WhatsApp-Image-2023-03-17-at-09.48.23-2048x970.jpeg 2048w\" sizes=\"(max-width: 300px) 100vw, 300px\" title=\"\"><\/a>\n\t\t\t<\/div>\n\t\t\t\t<figcaption class='wp-caption-text gallery-caption' id='gallery-1-1500'>\n\t\t\t\tNutri\u00e7\u00e3o em Bras\u00edlia\n\t\t\t\t<\/figcaption><\/figure><figure class='gallery-item'>\n\t\t\t<div class='gallery-icon landscape'>\n\t\t\t\t<a href='https:\/\/evoluirfisioterapia.com.br\/fisioterapia-em-brasilia\/nossa-estrutura\/attachment\/whatsapp-image-2023-03-17-at-09-48-26-2\/'><img decoding=\"async\" width=\"300\" height=\"142\" src=\"https:\/\/evoluirfisioterapia.com.br\/fisioterapia-em-brasilia\/wp-content\/uploads\/2023\/03\/WhatsApp-Image-2023-03-17-at-09.48.26-1-300x142.jpeg\" class=\"attachment-medium size-medium\" alt=\"\" srcset=\"https:\/\/evoluirfisioterapia.com.br\/fisioterapia-em-brasilia\/wp-content\/uploads\/2023\/03\/WhatsApp-Image-2023-03-17-at-09.48.26-1-300x142.jpeg 300w, https:\/\/evoluirfisioterapia.com.br\/fisioterapia-em-brasilia\/wp-content\/uploads\/2023\/03\/WhatsApp-Image-2023-03-17-at-09.48.26-1-1024x485.jpeg 1024w, https:\/\/evoluirfisioterapia.com.br\/fisioterapia-em-brasilia\/wp-content\/uploads\/2023\/03\/WhatsApp-Image-2023-03-17-at-09.48.26-1-768x364.jpeg 768w, https:\/\/evoluirfisioterapia.com.br\/fisioterapia-em-brasilia\/wp-content\/uploads\/2023\/03\/WhatsApp-Image-2023-03-17-at-09.48.26-1-1536x728.jpeg 1536w, https:\/\/evoluirfisioterapia.com.br\/fisioterapia-em-brasilia\/wp-content\/uploads\/2023\/03\/WhatsApp-Image-2023-03-17-at-09.48.26-1-2048x970.jpeg 2048w\" sizes=\"(max-width: 300px) 100vw, 300px\" title=\"\"><\/a>\n\t\t\t<\/div><\/figure>\n\t\t<\/div>\n\n","protected":false},"excerpt":{"rendered":"","protected":false},"author":1,"featured_media":0,"parent":0,"menu_order":0,"comment_status":"closed","ping_status":"closed","template":"","meta":{"_joinchat":[],"footnotes":""},"categories":[],"tags":[],"class_list":["post-1917","page","type-page","status-publish","hentry"],"_links":{"self":[{"href":"https:\/\/evoluirfisioterapia.com.br\/fisioterapia-em-brasilia\/wp-json\/wp\/v2\/pages\/1917","targetHints":{"allow":["GET"]}}],"collection":[{"href":"https:\/\/evoluirfisioterapia.com.br\/fisioterapia-em-brasilia\/wp-json\/wp\/v2\/pages"}],"about":[{"href":"https:\/\/evoluirfisioterapia.com.br\/fisioterapia-em-brasilia\/wp-json\/wp\/v2\/types\/page"}],"author":[{"embeddable":true,"href":"https:\/\/evoluirfisioterapia.com.br\/fisioterapia-em-brasilia\/wp-json\/wp\/v2\/users\/1"}],"replies":[{"embeddable":true,"href":"https:\/\/evoluirfisioterapia.com.br\/fisioterapia-em-brasilia\/wp-json\/wp\/v2\/comments?post=1917"}],"version-history":[{"count":0,"href":"https:\/\/evoluirfisioterapia.com.br\/fisioterapia-em-brasilia\/wp-json\/wp\/v2\/pages\/1917\/revisions"}],"wp:attachment":[{"href":"https:\/\/evoluirfisioterapia.com.br\/fisioterapia-em-brasilia\/wp-json\/wp\/v2\/media?parent=1917"}],"wp:term":[{"taxonomy":"category","embeddable":true,"href":"https:\/\/evoluirfisioterapia.com.br\/fisioterapia-em-brasilia\/wp-json\/wp\/v2\/categories?post=1917"},{"taxonomy":"post_tag","embeddable":true,"href":"https:\/\/evoluirfisioterapia.com.br\/fisioterapia-em-brasilia\/wp-json\/wp\/v2\/tags?post=1917"}],"curies":[{"name":"wp","href":"https:\/\/api.w.org\/{rel}","templated":true}]}}