{"id":2028,"date":"2023-05-10T02:23:06","date_gmt":"2023-05-10T02:23:06","guid":{"rendered":"https:\/\/evoluirfisioterapia.com.br\/fisioterapia-em-brasilia\/?page_id=2028"},"modified":"1999-01-01T00:00:00","modified_gmt":"2023-05-10T02:23:06","slug":"vania-alves-fisioterapeuta","status":"publish","type":"page","link":"https:\/\/evoluirfisioterapia.com.br\/fisioterapia-em-brasilia\/vania-alves-fisioterapeuta\/","title":{"rendered":"V\u00e2nia Alves &#8211; Fisioterapeuta"},"content":{"rendered":"<div id=\"pl-2028\"  class=\"panel-layout\" ><div id=\"pg-2028-0\"  class=\"panel-grid panel-no-style\" ><div id=\"pgc-2028-0-0\"  class=\"panel-grid-cell panel-grid-cell-empty panel-grid-cell-mobile-last\" ><\/div><div id=\"pgc-2028-0-1\"  class=\"panel-grid-cell panel-grid-cell-empty\" ><\/div><\/div><div id=\"pg-2028-1\"  class=\"panel-grid panel-no-style\" ><div id=\"pgc-2028-1-0\"  class=\"panel-grid-cell\" ><div id=\"panel-2028-1-0-0\" class=\"so-panel widget widget_media_image panel-first-child panel-last-child\" data-index=\"0\" ><img decoding=\"async\" width=\"225\" height=\"300\" src=\"https:\/\/evoluirfisioterapia.com.br\/fisioterapia-em-brasilia\/wp-content\/uploads\/2023\/03\/WhatsApp-Image-2023-03-23-at-13.42.20-225x300.jpeg\" class=\"image wp-image-2030  attachment-medium size-medium\" alt=\"\" style=\"max-width: 100%; height: auto;\" srcset=\"https:\/\/evoluirfisioterapia.com.br\/fisioterapia-em-brasilia\/wp-content\/uploads\/2023\/03\/WhatsApp-Image-2023-03-23-at-13.42.20-225x300.jpeg 225w, https:\/\/evoluirfisioterapia.com.br\/fisioterapia-em-brasilia\/wp-content\/uploads\/2023\/03\/WhatsApp-Image-2023-03-23-at-13.42.20-768x1024.jpeg 768w, https:\/\/evoluirfisioterapia.com.br\/fisioterapia-em-brasilia\/wp-content\/uploads\/2023\/03\/WhatsApp-Image-2023-03-23-at-13.42.20-1152x1536.jpeg 1152w, https:\/\/evoluirfisioterapia.com.br\/fisioterapia-em-brasilia\/wp-content\/uploads\/2023\/03\/WhatsApp-Image-2023-03-23-at-13.42.20.jpeg 1200w\" sizes=\"(max-width: 225px) 100vw, 225px\" title=\"\"><\/div><\/div><div id=\"pgc-2028-1-1\"  class=\"panel-grid-cell panel-grid-cell-mobile-last\" ><div id=\"panel-2028-1-1-0\" class=\"so-panel widget widget_sow-editor panel-first-child panel-last-child\" data-index=\"1\" ><div\n\t\t\t\n\t\t\tclass=\"so-widget-sow-editor so-widget-sow-editor-base\"\n\t\t\t\n\t\t>\n<div class=\"siteorigin-widget-tinymce textwidget\">\n\t<p>Formada pela Universidade Cat\u00f3lica de Bras\u00edlia h\u00e1 15 anos.<\/p>\n<p>Especialista em UTI neonatal, pedi\u00e1trica e adulto pela Faculdade Inspirar.<\/p>\n<p>Especialista em traumo-ortopedia e desportiva pela Faculdade Inspirar.<\/p>\n<p>Instrutora de Pilates<\/p>\n<\/div>\n<\/div><\/div><\/div><div id=\"pgc-2028-1-2\"  class=\"panel-grid-cell panel-grid-cell-empty\" ><\/div><\/div><div id=\"pg-2028-2\"  class=\"panel-grid panel-no-style\" ><div id=\"pgc-2028-2-0\"  class=\"panel-grid-cell panel-grid-cell-empty panel-grid-cell-mobile-last\" ><\/div><div id=\"pgc-2028-2-1\"  class=\"panel-grid-cell panel-grid-cell-empty\" ><\/div><\/div><\/div>","protected":false},"excerpt":{"rendered":"<p>Formada pela Universidade Cat\u00f3lica de Bras\u00edlia h\u00e1 15 anos. Especialista em UTI neonatal, pedi\u00e1trica e adulto pela Faculdade Inspirar. Especialista em traumo-ortopedia e desportiva pela Faculdade Inspirar. Instrutora de Pilates<\/p>\n","protected":false},"author":1,"featured_media":0,"parent":0,"menu_order":0,"comment_status":"closed","ping_status":"closed","template":"","meta":{"_joinchat":[],"footnotes":""},"categories":[],"tags":[],"class_list":["post-2028","page","type-page","status-publish","hentry"],"_links":{"self":[{"href":"https:\/\/evoluirfisioterapia.com.br\/fisioterapia-em-brasilia\/wp-json\/wp\/v2\/pages\/2028","targetHints":{"allow":["GET"]}}],"collection":[{"href":"https:\/\/evoluirfisioterapia.com.br\/fisioterapia-em-brasilia\/wp-json\/wp\/v2\/pages"}],"about":[{"href":"https:\/\/evoluirfisioterapia.com.br\/fisioterapia-em-brasilia\/wp-json\/wp\/v2\/types\/page"}],"author":[{"embeddable":true,"href":"https:\/\/evoluirfisioterapia.com.br\/fisioterapia-em-brasilia\/wp-json\/wp\/v2\/users\/1"}],"replies":[{"embeddable":true,"href":"https:\/\/evoluirfisioterapia.com.br\/fisioterapia-em-brasilia\/wp-json\/wp\/v2\/comments?post=2028"}],"version-history":[{"count":0,"href":"https:\/\/evoluirfisioterapia.com.br\/fisioterapia-em-brasilia\/wp-json\/wp\/v2\/pages\/2028\/revisions"}],"wp:attachment":[{"href":"https:\/\/evoluirfisioterapia.com.br\/fisioterapia-em-brasilia\/wp-json\/wp\/v2\/media?parent=2028"}],"wp:term":[{"taxonomy":"category","embeddable":true,"href":"https:\/\/evoluirfisioterapia.com.br\/fisioterapia-em-brasilia\/wp-json\/wp\/v2\/categories?post=2028"},{"taxonomy":"post_tag","embeddable":true,"href":"https:\/\/evoluirfisioterapia.com.br\/fisioterapia-em-brasilia\/wp-json\/wp\/v2\/tags?post=2028"}],"curies":[{"name":"wp","href":"https:\/\/api.w.org\/{rel}","templated":true}]}}