{"id":2765,"date":"2023-05-10T02:23:06","date_gmt":"2023-05-10T02:23:06","guid":{"rendered":"https:\/\/evoluirfisioterapia.com.br\/?page_id=2765"},"modified":"1999-01-01T00:00:00","modified_gmt":"2023-05-10T02:23:06","slug":"julia-de-campos-alves","status":"publish","type":"page","link":"https:\/\/evoluirfisioterapia.com.br\/fisioterapia-em-brasilia\/julia-de-campos-alves\/","title":{"rendered":"J\u00daLIA DE CAMPOS ALVES"},"content":{"rendered":"<div id=\"pl-2765\"  class=\"panel-layout\" ><div id=\"pg-2765-0\"  class=\"panel-grid panel-no-style\" ><div id=\"pgc-2765-0-0\"  class=\"panel-grid-cell panel-grid-cell-empty\" ><\/div><\/div><div id=\"pg-2765-1\"  class=\"panel-grid panel-no-style\" ><div id=\"pgc-2765-1-0\"  class=\"panel-grid-cell\" ><div id=\"panel-2765-1-0-0\" class=\"so-panel widget widget_media_image panel-first-child panel-last-child\" data-index=\"0\" ><img decoding=\"async\" width=\"227\" height=\"300\" src=\"https:\/\/evoluirfisioterapia.com.br\/fisioterapia-em-brasilia\/wp-content\/uploads\/2023\/04\/FisioterapeutaDanianaSiqueira-2-227x300.jpeg\" class=\"image wp-image-2786  attachment-medium size-medium\" alt=\"\" style=\"max-width: 100%; height: auto;\" srcset=\"https:\/\/evoluirfisioterapia.com.br\/fisioterapia-em-brasilia\/wp-content\/uploads\/2023\/04\/FisioterapeutaDanianaSiqueira-2-227x300.jpeg 227w, https:\/\/evoluirfisioterapia.com.br\/fisioterapia-em-brasilia\/wp-content\/uploads\/2023\/04\/FisioterapeutaDanianaSiqueira-2-774x1024.jpeg 774w, https:\/\/evoluirfisioterapia.com.br\/fisioterapia-em-brasilia\/wp-content\/uploads\/2023\/04\/FisioterapeutaDanianaSiqueira-2-768x1016.jpeg 768w, https:\/\/evoluirfisioterapia.com.br\/fisioterapia-em-brasilia\/wp-content\/uploads\/2023\/04\/FisioterapeutaDanianaSiqueira-2-1161x1536.jpeg 1161w, https:\/\/evoluirfisioterapia.com.br\/fisioterapia-em-brasilia\/wp-content\/uploads\/2023\/04\/FisioterapeutaDanianaSiqueira-2.jpeg 1209w\" sizes=\"(max-width: 227px) 100vw, 227px\" title=\"\"><\/div><\/div><div id=\"pgc-2765-1-1\"  class=\"panel-grid-cell\" ><div id=\"panel-2765-1-1-0\" class=\"so-panel widget widget_sow-editor panel-first-child panel-last-child\" data-index=\"1\" ><div\n\t\t\t\n\t\t\tclass=\"so-widget-sow-editor so-widget-sow-editor-base\"\n\t\t\t\n\t\t>\n<div class=\"siteorigin-widget-tinymce textwidget\">\n\t<p>Graduada em Nutri\u00e7\u00e3o pela Universidade Cat\u00f3lica de Bras\u00edlia.<\/p>\n<p>Atua\u00e7\u00e3o nas \u00e1reas de nutri\u00e7\u00e3o cl\u00ednica, esportiva, funcional e emagrecimento.<\/p>\n<p>Acompanhamento de pessoas que buscam ter uma melhor rela\u00e7\u00e3o com os alimentos e melhorar a qualidade de vida.<\/p>\n<\/div>\n<\/div><\/div><\/div><\/div><div id=\"pg-2765-2\"  class=\"panel-grid panel-no-style\" ><div id=\"pgc-2765-2-0\"  class=\"panel-grid-cell panel-grid-cell-empty panel-grid-cell-mobile-last\" ><\/div><div id=\"pgc-2765-2-1\"  class=\"panel-grid-cell panel-grid-cell-empty\" ><\/div><\/div><\/div>","protected":false},"excerpt":{"rendered":"<p>Graduada em Nutri\u00e7\u00e3o pela Universidade Cat\u00f3lica de Bras\u00edlia. Atua\u00e7\u00e3o nas \u00e1reas de nutri\u00e7\u00e3o cl\u00ednica, esportiva, funcional e emagrecimento. Acompanhamento de pessoas que buscam ter uma melhor rela\u00e7\u00e3o com os alimentos &#8230;<\/p>\n","protected":false},"author":1,"featured_media":0,"parent":0,"menu_order":0,"comment_status":"closed","ping_status":"closed","template":"","meta":{"_joinchat":[],"footnotes":""},"categories":[],"tags":[],"class_list":["post-2765","page","type-page","status-publish","hentry"],"_links":{"self":[{"href":"https:\/\/evoluirfisioterapia.com.br\/fisioterapia-em-brasilia\/wp-json\/wp\/v2\/pages\/2765","targetHints":{"allow":["GET"]}}],"collection":[{"href":"https:\/\/evoluirfisioterapia.com.br\/fisioterapia-em-brasilia\/wp-json\/wp\/v2\/pages"}],"about":[{"href":"https:\/\/evoluirfisioterapia.com.br\/fisioterapia-em-brasilia\/wp-json\/wp\/v2\/types\/page"}],"author":[{"embeddable":true,"href":"https:\/\/evoluirfisioterapia.com.br\/fisioterapia-em-brasilia\/wp-json\/wp\/v2\/users\/1"}],"replies":[{"embeddable":true,"href":"https:\/\/evoluirfisioterapia.com.br\/fisioterapia-em-brasilia\/wp-json\/wp\/v2\/comments?post=2765"}],"version-history":[{"count":0,"href":"https:\/\/evoluirfisioterapia.com.br\/fisioterapia-em-brasilia\/wp-json\/wp\/v2\/pages\/2765\/revisions"}],"wp:attachment":[{"href":"https:\/\/evoluirfisioterapia.com.br\/fisioterapia-em-brasilia\/wp-json\/wp\/v2\/media?parent=2765"}],"wp:term":[{"taxonomy":"category","embeddable":true,"href":"https:\/\/evoluirfisioterapia.com.br\/fisioterapia-em-brasilia\/wp-json\/wp\/v2\/categories?post=2765"},{"taxonomy":"post_tag","embeddable":true,"href":"https:\/\/evoluirfisioterapia.com.br\/fisioterapia-em-brasilia\/wp-json\/wp\/v2\/tags?post=2765"}],"curies":[{"name":"wp","href":"https:\/\/api.w.org\/{rel}","templated":true}]}}