{"id":3535,"date":"2023-05-10T02:23:06","date_gmt":"2023-05-10T02:23:06","guid":{"rendered":"https:\/\/evoluirfisioterapia.com.br\/?page_id=3535"},"modified":"2023-05-11T12:22:00","modified_gmt":"2023-05-11T12:22:00","slug":"pilates-2","status":"publish","type":"page","link":"https:\/\/evoluirfisioterapia.com.br\/fisioterapia-em-brasilia\/pilates-2\/","title":{"rendered":"Pilates"},"content":{"rendered":"<div id=\"pg-1658-0\" class=\"panel-grid panel-no-style\">\n<div id=\"pgc-1658-0-0\" class=\"panel-grid-cell panel-grid-cell-mobile-last\">\n<div id=\"panel-1658-0-0-1\" class=\"so-panel widget widget_sow-editor panel-last-child\" data-index=\"1\">\n<div class=\"so-widget-sow-editor so-widget-sow-editor-base\">\n<h3 class=\"widget-title\">Pilates<\/h3>\n<div class=\"siteorigin-widget-tinymce textwidget\">\n<p>Pilates \u00e9 um m\u00e9todo de exerc\u00edcio f\u00edsico criado pelo alem\u00e3o Joseph Pilates na d\u00e9cada de 1920. Ele desenvolveu um sistema de movimentos controlados e precisos, que visam fortalecer o corpo, melhorar a postura e a flexibilidade, al\u00e9m de ajudar a aliviar dores e tens\u00f5es musculares.<\/p>\n<\/div>\n<\/div>\n<\/div>\n<\/div>\n<div id=\"pgc-1658-0-1\" class=\"panel-grid-cell panel-grid-cell-empty\"><\/div>\n<\/div>\n<div id=\"pg-1658-1\" class=\"panel-grid panel-no-style\">\n<div id=\"pgc-1658-1-0\" class=\"panel-grid-cell\">\n<div id=\"panel-1658-1-0-0\" class=\"so-panel widget widget_media_image panel-first-child panel-last-child\" data-index=\"2\">\n<figure id=\"attachment_3090\" aria-describedby=\"caption-attachment-3090\" style=\"width: 300px\" class=\"wp-caption alignnone\"><img decoding=\"async\" class=\"image attachment-full wp-image-3090 size-medium\" title=\"Pilates 1\" src=\"https:\/\/evoluirfisioterapia.com.br\/fisioterapia-em-brasilia\/wp-content\/uploads\/2023\/04\/pilates1-300x198.jpg\" alt=\"Pilates Asa Norte Bras\u00edlia\" width=\"300\" height=\"198\" srcset=\"https:\/\/evoluirfisioterapia.com.br\/fisioterapia-em-brasilia\/wp-content\/uploads\/2023\/04\/pilates1-300x198.jpg 300w, https:\/\/evoluirfisioterapia.com.br\/fisioterapia-em-brasilia\/wp-content\/uploads\/2023\/04\/pilates1-768x506.jpg 768w, https:\/\/evoluirfisioterapia.com.br\/fisioterapia-em-brasilia\/wp-content\/uploads\/2023\/04\/pilates1.jpg 850w\" sizes=\"(max-width: 300px) 100vw, 300px\" \/><figcaption id=\"caption-attachment-3090\" class=\"wp-caption-text\">Pilates Asa Norte Bras\u00edlia<\/figcaption><\/figure>\n<\/div>\n<\/div>\n<div id=\"pgc-1658-1-1\" class=\"panel-grid-cell panel-grid-cell-mobile-last\">\n<div id=\"panel-1658-1-1-0\" class=\"so-panel widget widget_sow-editor panel-first-child panel-last-child\" data-index=\"3\">\n<div class=\"so-widget-sow-editor so-widget-sow-editor-base\">\n<div class=\"siteorigin-widget-tinymce textwidget\">\n<p>Os exerc\u00edcios de Pilates s\u00e3o baseados em seis princ\u00edpios fundamentais: concentra\u00e7\u00e3o, controle, precis\u00e3o, fluidez, respira\u00e7\u00e3o e centro de for\u00e7a. Eles s\u00e3o realizados em um colchonete ou com o uso de equipamentos espec\u00edficos, como o reformer, o cadillac e o barril.<\/p>\n<p>O Pilates \u00e9 uma atividade de baixo impacto, o que significa que \u00e9 adequado para pessoas de todas as idades e n\u00edveis de condicionamento f\u00edsico.<\/p>\n<p>&nbsp;<\/p>\n<\/div>\n<\/div>\n<\/div>\n<\/div>\n<div id=\"pgc-1658-1-2\" class=\"panel-grid-cell panel-grid-cell-empty\"><\/div>\n<\/div>\n<div id=\"pg-1658-2\" class=\"panel-grid panel-no-style\">\n<div id=\"pgc-1658-2-0\" class=\"panel-grid-cell panel-grid-cell-mobile-last\">\n<div id=\"panel-1658-2-0-0\" class=\"so-panel widget widget_sow-editor panel-first-child panel-last-child\" data-index=\"4\">\n<div class=\"so-widget-sow-editor so-widget-sow-editor-base\">\n<div class=\"siteorigin-widget-tinymce textwidget\">\n<p>Eles s\u00e3o realizados em um colchonete ou com o uso de equipamentos espec\u00edficos, como o reformer, o cadillac e o barril.<\/p>\n<p>O Pilates \u00e9 uma atividade de baixo impacto, o que significa que \u00e9 adequado para pessoas de todas as idades e n\u00edveis de condicionamento f\u00edsico. Ele \u00e9 especialmente ben\u00e9fico para pessoas que sofrem de dores nas costas, problemas de postura e outras condi\u00e7\u00f5es musculoesquel\u00e9ticas.<\/p>\n<p>Al\u00e9m dos benef\u00edcios f\u00edsicos, o Pilates tamb\u00e9m tem um componente de bem-estar mental, ajudando a melhorar a concentra\u00e7\u00e3o, reduzir o estresse e aumentar a sensa\u00e7\u00e3o de relaxamento. Ele pode ser praticado individualmente ou em grupo, com a orienta\u00e7\u00e3o de um instrutor certificado.<\/p>\n<p>&nbsp;<\/p>\n<\/div>\n<\/div>\n<\/div>\n<\/div>\n<div id=\"pgc-1658-2-1\" class=\"panel-grid-cell panel-grid-cell-empty\"><\/div>\n<\/div>\n<div id=\"pg-1658-3\" class=\"panel-grid panel-no-style\">\n<div id=\"pgc-1658-3-0\" class=\"panel-grid-cell panel-grid-cell-mobile-last\">\n<div id=\"panel-1658-3-0-0\" class=\"so-panel widget widget_sow-editor panel-first-child\" data-index=\"5\">\n<div class=\"so-widget-sow-editor so-widget-sow-editor-base\">\n<div class=\"siteorigin-widget-tinymce textwidget\">\n<h3>Benef\u00edcios do Pilates<\/h3>\n<p><strong>Melhora a postura:<\/strong>\u00a0o Pilates enfatiza a import\u00e2ncia da boa postura e ajuda a fortalecer os m\u00fasculos respons\u00e1veis por manter a coluna alinhada.<\/p>\n<p><strong>Aumenta a flexibilidade:<\/strong>\u00a0os exerc\u00edcios de Pilates ajudam a melhorar a amplitude de movimento das articula\u00e7\u00f5es, tornando o corpo mais flex\u00edvel.<\/p>\n<p><strong>Fortalece a musculatura:<\/strong>\u00a0o m\u00e9todo Pilates fortalece os m\u00fasculos de todo o corpo, especialmente o core (centro de for\u00e7a), que inclui os m\u00fasculos abdominais, lombares e do assoalho p\u00e9lvico.<\/p>\n<p><strong>Alivia dores musculares:<\/strong>\u00a0o Pilates pode ajudar a reduzir dores musculares e tens\u00f5es, principalmente na regi\u00e3o lombar e cervical.<\/p>\n<p><strong>Melhora a coordena\u00e7\u00e3o motora:<\/strong>\u00a0os movimentos precisos e controlados do Pilates ajudam a melhorar a coordena\u00e7\u00e3o motora e a consci\u00eancia corporal.<\/p>\n<p><strong>Reduz o estresse:<\/strong>\u00a0o Pilates enfatiza a respira\u00e7\u00e3o profunda e consciente, o que pode ajudar a reduzir o estresse e a ansiedade.<\/p>\n<p><strong>Melhora o equil\u00edbrio e a estabilidade:<\/strong>\u00a0o Pilates ajuda a melhorar o equil\u00edbrio e a estabilidade do corpo, o que pode prevenir quedas e les\u00f5es.<\/p>\n<\/div>\n<\/div>\n<\/div>\n<\/div>\n<\/div>\n","protected":false},"excerpt":{"rendered":"<p>Pilates Pilates \u00e9 um m\u00e9todo de exerc\u00edcio f\u00edsico criado pelo alem\u00e3o Joseph Pilates na d\u00e9cada de 1920. Ele desenvolveu um sistema de movimentos controlados e precisos, que visam fortalecer o &#8230;<\/p>\n","protected":false},"author":1,"featured_media":0,"parent":0,"menu_order":0,"comment_status":"closed","ping_status":"closed","template":"","meta":{"_joinchat":[],"footnotes":""},"categories":[],"tags":[],"class_list":["post-3535","page","type-page","status-publish","hentry"],"_links":{"self":[{"href":"https:\/\/evoluirfisioterapia.com.br\/fisioterapia-em-brasilia\/wp-json\/wp\/v2\/pages\/3535","targetHints":{"allow":["GET"]}}],"collection":[{"href":"https:\/\/evoluirfisioterapia.com.br\/fisioterapia-em-brasilia\/wp-json\/wp\/v2\/pages"}],"about":[{"href":"https:\/\/evoluirfisioterapia.com.br\/fisioterapia-em-brasilia\/wp-json\/wp\/v2\/types\/page"}],"author":[{"embeddable":true,"href":"https:\/\/evoluirfisioterapia.com.br\/fisioterapia-em-brasilia\/wp-json\/wp\/v2\/users\/1"}],"replies":[{"embeddable":true,"href":"https:\/\/evoluirfisioterapia.com.br\/fisioterapia-em-brasilia\/wp-json\/wp\/v2\/comments?post=3535"}],"version-history":[{"count":0,"href":"https:\/\/evoluirfisioterapia.com.br\/fisioterapia-em-brasilia\/wp-json\/wp\/v2\/pages\/3535\/revisions"}],"wp:attachment":[{"href":"https:\/\/evoluirfisioterapia.com.br\/fisioterapia-em-brasilia\/wp-json\/wp\/v2\/media?parent=3535"}],"wp:term":[{"taxonomy":"category","embeddable":true,"href":"https:\/\/evoluirfisioterapia.com.br\/fisioterapia-em-brasilia\/wp-json\/wp\/v2\/categories?post=3535"},{"taxonomy":"post_tag","embeddable":true,"href":"https:\/\/evoluirfisioterapia.com.br\/fisioterapia-em-brasilia\/wp-json\/wp\/v2\/tags?post=3535"}],"curies":[{"name":"wp","href":"https:\/\/api.w.org\/{rel}","templated":true}]}}